{"id":390,"date":"2023-05-10T13:00:37","date_gmt":"2023-05-10T11:00:37","guid":{"rendered":"https:\/\/consbarcellona.esteri.it\/?page_id=390"},"modified":"2023-05-10T13:09:12","modified_gmt":"2023-05-10T11:09:12","slug":"subsidios","status":"publish","type":"page","link":"https:\/\/consbarcellona.esteri.it\/es\/servizi-consolari-e-visti\/servizi-per-il-cittadino-italiano\/asistencia-social\/subsidios\/","title":{"rendered":"Subsidios"},"content":{"rendered":"<p>Los ciudadanos italianos, que se encuentran en una situaci\u00f3n moment\u00e1nea de indigencia, pueden recibir por parte del Consulado General una ayuda econ\u00f3mica (subsidio) para superar la dif\u00edcil situaci\u00f3n.<\/p>\n<p>Los presupuestos para obtener esta asistencia son:<\/p>\n<ol>\n<li>Tener ciudadan\u00eda italiana<\/li>\n<li>Dar prueba del efectivo estado de indigencia<\/li>\n<li>Tener residencia en la circunscripci\u00f3n consolar (inscripci\u00f3n AIRE)<\/li>\n<\/ol>\n","protected":false},"excerpt":{"rendered":"Los ciudadanos italianos, que se encuentran en una situaci\u00f3n moment\u00e1nea de indigencia, pueden recibir por parte del Consulado General una ayuda econ\u00f3mica (subsidio) para superar la dif\u00edcil situaci\u00f3n. Los presupuestos para obtener esta asistencia son: Tener ciudadan\u00eda italiana Dar prueba del efectivo estado de indigencia Tener residencia en la circunscripci\u00f3n consolar (inscripci\u00f3n AIRE)","protected":false},"author":6,"featured_media":0,"parent":367,"menu_order":0,"comment_status":"closed","ping_status":"closed","template":"","meta":{"footnotes":""},"class_list":["post-390","page","type-page","status-publish","hentry"],"_links":{"self":[{"href":"https:\/\/consbarcellona.esteri.it\/es\/wp-json\/wp\/v2\/pages\/390","targetHints":{"allow":["GET"]}}],"collection":[{"href":"https:\/\/consbarcellona.esteri.it\/es\/wp-json\/wp\/v2\/pages"}],"about":[{"href":"https:\/\/consbarcellona.esteri.it\/es\/wp-json\/wp\/v2\/types\/page"}],"author":[{"embeddable":true,"href":"https:\/\/consbarcellona.esteri.it\/es\/wp-json\/wp\/v2\/users\/6"}],"replies":[{"embeddable":true,"href":"https:\/\/consbarcellona.esteri.it\/es\/wp-json\/wp\/v2\/comments?post=390"}],"version-history":[{"count":1,"href":"https:\/\/consbarcellona.esteri.it\/es\/wp-json\/wp\/v2\/pages\/390\/revisions"}],"predecessor-version":[{"id":391,"href":"https:\/\/consbarcellona.esteri.it\/es\/wp-json\/wp\/v2\/pages\/390\/revisions\/391"}],"up":[{"embeddable":true,"href":"https:\/\/consbarcellona.esteri.it\/es\/wp-json\/wp\/v2\/pages\/367"}],"wp:attachment":[{"href":"https:\/\/consbarcellona.esteri.it\/es\/wp-json\/wp\/v2\/media?parent=390"}],"curies":[{"name":"wp","href":"https:\/\/api.w.org\/{rel}","templated":true}]}}