{"id":385,"date":"2023-05-10T12:57:08","date_gmt":"2023-05-10T10:57:08","guid":{"rendered":"https:\/\/consbarcellona.esteri.it\/?page_id=385"},"modified":"2023-05-10T12:58:25","modified_gmt":"2023-05-10T10:58:25","slug":"pensiones","status":"publish","type":"page","link":"https:\/\/consbarcellona.esteri.it\/es\/servizi-consolari-e-visti\/servizi-per-il-cittadino-italiano\/asistencia-social\/pensiones\/","title":{"rendered":"Pensiones"},"content":{"rendered":"<p>Los pensionistas que necesiten un certificado de existencia en vida para tr\u00e1mites relacionados con la pensi\u00f3n, pueden presentarse directamente en el Consulado General de Italia en Barcelona, sin necesidad de cita previa, en horario de atenci\u00f3n al p\u00fablico<\/p>\n<p>Los ciudadanos italianos que necesitan ayudas en cuestiones de previsi\u00f3n social y pensiones pueden ser asistidos por los Patronatos presentes en esta Circunscripci\u00f3n consular.<br \/>\nLos patronatos son entes italianos que se ocupan de asistencia social, tanto italiana como extranjera, dando apoyo y asesoramiento en los siguientes \u00e1mbitos:<\/p>\n<ol>\n<li>pensiones (todos los tipos, contributivas y no contributivas): informaci\u00f3n, asesoramiento, inicio de expedientes, localizaci\u00f3n de cotizaciones en otros Pa\u00edses donde se haya prestado actividad laboral (a trav\u00e9s de las sedes del patronato en Europa y en las Am\u00e9ricas).<\/li>\n<li>c\u00e1lculo del extracto contributivo (de los Pa\u00edses en que se haya trabajado)<\/li>\n<li>RED\/EST: declaraci\u00f3n de renta a presentar en la sede INPS de referencia<\/li>\n<li>problemas relacionados con diferentes instituciones de la seguridad social (pensiones no pagadas, cambio de banco, cambio de residencia, exenci\u00f3n fiscal italiana, re-c\u00e1lculo de la pensi\u00f3n, etc.)<\/li>\n<li>declaraciones de vario tipo (no cobertura m\u00e9dica, no posesi\u00f3n de pensiones italianas, etc.)<\/li>\n<li>solicitud de cobertura sanitaria para los pensionistas en el extranjero<\/li>\n<li>inclusi\u00f3n del per\u00edodo militar en el extracto contributivo, a los fines de la pensi\u00f3n.<\/li>\n<\/ol>\n","protected":false},"excerpt":{"rendered":"Los pensionistas que necesiten un certificado de existencia en vida para tr\u00e1mites relacionados con la pensi\u00f3n, pueden presentarse directamente en el Consulado General de Italia en Barcelona, sin necesidad de cita previa, en horario de atenci\u00f3n al p\u00fablico Los ciudadanos italianos que necesitan ayudas en cuestiones de previsi\u00f3n social y pensiones pueden ser asistidos por [&hellip;]","protected":false},"author":6,"featured_media":0,"parent":367,"menu_order":0,"comment_status":"closed","ping_status":"closed","template":"","meta":{"footnotes":""},"class_list":["post-385","page","type-page","status-publish","hentry"],"_links":{"self":[{"href":"https:\/\/consbarcellona.esteri.it\/es\/wp-json\/wp\/v2\/pages\/385","targetHints":{"allow":["GET"]}}],"collection":[{"href":"https:\/\/consbarcellona.esteri.it\/es\/wp-json\/wp\/v2\/pages"}],"about":[{"href":"https:\/\/consbarcellona.esteri.it\/es\/wp-json\/wp\/v2\/types\/page"}],"author":[{"embeddable":true,"href":"https:\/\/consbarcellona.esteri.it\/es\/wp-json\/wp\/v2\/users\/6"}],"replies":[{"embeddable":true,"href":"https:\/\/consbarcellona.esteri.it\/es\/wp-json\/wp\/v2\/comments?post=385"}],"version-history":[{"count":1,"href":"https:\/\/consbarcellona.esteri.it\/es\/wp-json\/wp\/v2\/pages\/385\/revisions"}],"predecessor-version":[{"id":386,"href":"https:\/\/consbarcellona.esteri.it\/es\/wp-json\/wp\/v2\/pages\/385\/revisions\/386"}],"up":[{"embeddable":true,"href":"https:\/\/consbarcellona.esteri.it\/es\/wp-json\/wp\/v2\/pages\/367"}],"wp:attachment":[{"href":"https:\/\/consbarcellona.esteri.it\/es\/wp-json\/wp\/v2\/media?parent=385"}],"curies":[{"name":"wp","href":"https:\/\/api.w.org\/{rel}","templated":true}]}}