{"id":381,"date":"2023-05-10T12:54:15","date_gmt":"2023-05-10T10:54:15","guid":{"rendered":"https:\/\/consbarcellona.esteri.it\/?page_id=381"},"modified":"2026-03-05T10:51:32","modified_gmt":"2026-03-05T09:51:32","slug":"asistencia-legal","status":"publish","type":"page","link":"https:\/\/consbarcellona.esteri.it\/es\/servizi-consolari-e-visti\/servizi-per-il-cittadino-italiano\/asistencia-social\/asistencia-legal\/","title":{"rendered":"Asistencia legal"},"content":{"rendered":"<p>En caso de arresto el ciudadano puede solicitar la protecci\u00f3n consular, por tanto el Consulado competente puede visitar al detenido, proporcionar nombres de abogados locales, mantener contactos con la familia, asegurar, cuando sea necesario y est\u00e9 permitido por las normas locales, suministros m\u00e9dicos o de otro tipo.<\/p>\n<p>La Oficina Consular no puede intervenir en juicio en nombre del ciudadano y\/o pagar costas legales.<\/p>\n<ul>\n<li><strong><a href=\"https:\/\/consbarcellona.esteri.it\/wp-content\/uploads\/2025\/01\/professionisti_di_riferimento-20250123.pdf\">Nombres de profesionales de referencia (abogados locales)<\/a><\/strong>\n<ul>\n<li><a href=\"https:\/\/consbarcellona.esteri.it\/es\/chi-siamo\/contatti\/profesionales-de-referencia\/para-inscribirse\/\">Procedimiento para solicitar inscripci\u00f3n en la lista<\/a><\/li>\n<\/ul>\n<\/li>\n<li><strong><a href=\"https:\/\/consbarcellona.esteri.it\/wp-content\/uploads\/2025\/01\/detenuti_italiani_allestero_-_guida_pratica_allassistenza_consolare.pdf\">Gu\u00eda sobre detenidos italianos en el extranjero del Ministerio de Asuntos Exteriores <\/a><\/strong><em><a href=\"https:\/\/consbarcellona.esteri.it\/wp-content\/uploads\/2025\/01\/detenuti_italiani_allestero_-_guida_pratica_allassistenza_consolare.pdf\">(solo en italiano)<\/a><\/em><\/li>\n<li><a href=\"https:\/\/consbarcellona.esteri.it\/wp-content\/uploads\/2025\/01\/manuale_minori.pdf\"><strong>Gu\u00eda sobre menores en lit\u00edgio entre progenitores: sustracci\u00f3n internacional de menores<\/strong><em> (solo en italiano)<\/em><\/a><\/li>\n<\/ul>\n<p>La vigente normativa sobre privacidad de los datos personales (L. 675\/96) <span style=\"text-decoration: underline;\"><strong>no permite a ninguna entidad p\u00fablica dar informaciones personales sin el consentimiento explicito del interesado<\/strong><\/span>.<\/p>\n","protected":false},"excerpt":{"rendered":"En caso de arresto el ciudadano puede solicitar la protecci\u00f3n consular, por tanto el Consulado competente puede visitar al detenido, proporcionar nombres de abogados locales, mantener contactos con la familia, asegurar, cuando sea necesario y est\u00e9 permitido por las normas locales, suministros m\u00e9dicos o de otro tipo. La Oficina Consular no puede intervenir en juicio [&hellip;]","protected":false},"author":6,"featured_media":0,"parent":367,"menu_order":0,"comment_status":"closed","ping_status":"closed","template":"","meta":{"footnotes":""},"class_list":["post-381","page","type-page","status-publish","hentry"],"_links":{"self":[{"href":"https:\/\/consbarcellona.esteri.it\/es\/wp-json\/wp\/v2\/pages\/381","targetHints":{"allow":["GET"]}}],"collection":[{"href":"https:\/\/consbarcellona.esteri.it\/es\/wp-json\/wp\/v2\/pages"}],"about":[{"href":"https:\/\/consbarcellona.esteri.it\/es\/wp-json\/wp\/v2\/types\/page"}],"author":[{"embeddable":true,"href":"https:\/\/consbarcellona.esteri.it\/es\/wp-json\/wp\/v2\/users\/6"}],"replies":[{"embeddable":true,"href":"https:\/\/consbarcellona.esteri.it\/es\/wp-json\/wp\/v2\/comments?post=381"}],"version-history":[{"count":6,"href":"https:\/\/consbarcellona.esteri.it\/es\/wp-json\/wp\/v2\/pages\/381\/revisions"}],"predecessor-version":[{"id":10056,"href":"https:\/\/consbarcellona.esteri.it\/es\/wp-json\/wp\/v2\/pages\/381\/revisions\/10056"}],"up":[{"embeddable":true,"href":"https:\/\/consbarcellona.esteri.it\/es\/wp-json\/wp\/v2\/pages\/367"}],"wp:attachment":[{"href":"https:\/\/consbarcellona.esteri.it\/es\/wp-json\/wp\/v2\/media?parent=381"}],"curies":[{"name":"wp","href":"https:\/\/api.w.org\/{rel}","templated":true}]}}