{"id":377,"date":"2023-05-10T12:50:53","date_gmt":"2023-05-10T10:50:53","guid":{"rendered":"https:\/\/consbarcellona.esteri.it\/?page_id=377"},"modified":"2023-05-10T12:50:53","modified_gmt":"2023-05-10T10:50:53","slug":"repatriacion-de-cadaveres-o-de-cenizas","status":"publish","type":"page","link":"https:\/\/consbarcellona.esteri.it\/es\/servizi-consolari-e-visti\/servizi-per-il-cittadino-italiano\/asistencia-social\/asistencia-sanitaria\/repatriacion-de-cadaveres-o-de-cenizas\/","title":{"rendered":"Repatriaci\u00f3n de cadaveres o de cenizas"},"content":{"rendered":"<p>La Oficina Consular presta asistencia y asesoramiento en caso de repatriaci\u00f3n de restos mortales de ciudadanos italianos fallecidos en esta Circunscripci\u00f3n consular . En este contexto, la labor de la Oficina Consular es solicitar autorizaci\u00f3n al Municipio italiano para el entierro del cuerpo (o de las cenizas) y emitir el pasaporte mortuario.<\/p>\n<p>Para obtener dicho pasaporte se deber\u00e1 presentar la\u00a0siguiente solicitud\u00a0acompa\u00f1ada por la\u00a0documentaci\u00f3n necesaria.<\/p>\n","protected":false},"excerpt":{"rendered":"La Oficina Consular presta asistencia y asesoramiento en caso de repatriaci\u00f3n de restos mortales de ciudadanos italianos fallecidos en esta Circunscripci\u00f3n consular . En este contexto, la labor de la Oficina Consular es solicitar autorizaci\u00f3n al Municipio italiano para el entierro del cuerpo (o de las cenizas) y emitir el pasaporte mortuario. Para obtener dicho [&hellip;]","protected":false},"author":6,"featured_media":0,"parent":372,"menu_order":0,"comment_status":"closed","ping_status":"closed","template":"","meta":{"footnotes":""},"class_list":["post-377","page","type-page","status-publish","hentry"],"_links":{"self":[{"href":"https:\/\/consbarcellona.esteri.it\/es\/wp-json\/wp\/v2\/pages\/377","targetHints":{"allow":["GET"]}}],"collection":[{"href":"https:\/\/consbarcellona.esteri.it\/es\/wp-json\/wp\/v2\/pages"}],"about":[{"href":"https:\/\/consbarcellona.esteri.it\/es\/wp-json\/wp\/v2\/types\/page"}],"author":[{"embeddable":true,"href":"https:\/\/consbarcellona.esteri.it\/es\/wp-json\/wp\/v2\/users\/6"}],"replies":[{"embeddable":true,"href":"https:\/\/consbarcellona.esteri.it\/es\/wp-json\/wp\/v2\/comments?post=377"}],"version-history":[{"count":1,"href":"https:\/\/consbarcellona.esteri.it\/es\/wp-json\/wp\/v2\/pages\/377\/revisions"}],"predecessor-version":[{"id":378,"href":"https:\/\/consbarcellona.esteri.it\/es\/wp-json\/wp\/v2\/pages\/377\/revisions\/378"}],"up":[{"embeddable":true,"href":"https:\/\/consbarcellona.esteri.it\/es\/wp-json\/wp\/v2\/pages\/372"}],"wp:attachment":[{"href":"https:\/\/consbarcellona.esteri.it\/es\/wp-json\/wp\/v2\/media?parent=377"}],"curies":[{"name":"wp","href":"https:\/\/api.w.org\/{rel}","templated":true}]}}