{"id":341,"date":"2023-05-09T15:04:45","date_gmt":"2023-05-09T13:04:45","guid":{"rendered":"https:\/\/consbarcellona.esteri.it\/?page_id=341"},"modified":"2026-03-24T15:39:17","modified_gmt":"2026-03-24T14:39:17","slug":"carta-didentita-elettronica-cie","status":"publish","type":"page","link":"https:\/\/consbarcellona.esteri.it\/es\/servizi-consolari-e-visti\/servizi-per-il-cittadino-italiano\/documenti-di-viaggio-passaporti-cie-etd-ecc\/carta-didentita-elettronica-cie\/","title":{"rendered":"Carta d&#8217;Identit\u00e0 Elettronica \u2013 CIE"},"content":{"rendered":"<p style=\"text-align: center;\"><a href=\"https:\/\/consbarcellona.esteri.it\/it\/news\/dal_consolato\/2026\/01\/aggiornamento-sulla-campagna-per-il-rilascio-della-carta-didentita-elettronica\/\"><strong>*** Iniziativa speciale: Sostituzione Carta Identit\u00e0 Cartacea con CIE\u00a0***<\/strong><\/a><\/p>\n<p><strong>INFORMACI\u00d3N GENERAL<\/strong><\/p>\n<p><strong>La Carta de Identidad Electr\u00f3nica<\/strong> (CIE) es un documento para el reconocimiento y de viaje valido para residir y circular dentro de la Uni\u00f3n Europea (y en aquellos pa\u00edses con los que se hayan establecido espec\u00edficos acuerdos). Antes de empezar un viaje se recomienda consultar detenidamente la web <a href=\"http:\/\/www.viaggiaresicuri.it\/\"><em>www.viaggiaresicuri.it.<\/em><\/a><\/p>\n<p>A d\u00eda de hoy se expide \u00fanicamente la Carta de Identidad Electr\u00f3nica (CIE). Debido al elevado n\u00famero de peticiones, se recomienda presentar la solicitud con suficiente antelaci\u00f3n; de hecho, es posible solicitar la renovaci\u00f3n de la CIE seis meses antes del vencimiento de la anterior carta de identidad. <strong>El documento no se emite el d\u00eda de la cita<\/strong>: la CIE se fabrica en el Instituto Poligr\u00e1fico e Zecca del Estado italiano que la expedir\u00e1 directamente por correo postal (Poste Italiane) a la direcci\u00f3n de residencia (o de entrega) declarada por el solicitante (v\u00e9ase la secci\u00f3n \u201cpresentaci\u00f3n de la solicitud\u201d).<\/p>\n<p><strong>REQUISITOS PARA LA EMISI\u00d3N DEL DOCUMENTO<\/strong><\/p>\n<ul>\n<li>La nueva Carta de Identidad Electr\u00f3nica (CIE) se puede emitir \u00fanicamente en el Consulado de Italia en Barcelona a los ciudadanos italianos residentes en esta circunscripci\u00f3n consular que est\u00e9n registrados en el fichero consular y cuyos datos figuren en la base de datos A.I.R.E. (Anagrafe degli Italiani Residenti all\u2019Estero) y cuyo Comune haya registrado sus datos. La inscripci\u00f3n al A.I.R.E. se podr\u00e1 realizar \u00fanicamente a trav\u00e9s del portal Fast It sin tener que acudir presencialmente en el Consulado. Para m\u00e1s informaci\u00f3n sobre la inscripci\u00f3n al A.I.R.E. [<a href=\"https:\/\/consbarcellona.esteri.it\/es\/servizi-consolari-e-visti\/servizi-per-il-cittadino-italiano\/registro-de-italianos-residentes-en-el-extranjero-a-i-r-e\/\">pulse aqu\u00ed<\/a>].<\/li>\n<li>En el caso de ciudadanos italianos nacidos en el extranjero ser\u00e1 imprescindible que su partida de nacimiento est\u00e9 ya transcrita en los registros de Estado Civil del Comune italiano de referencia. Para m\u00e1s informaci\u00f3n sobre la transcripci\u00f3n del nacimiento [<a href=\"https:\/\/consbarcellona.esteri.it\/es\/servizi-consolari-e-visti\/servizi-per-il-cittadino-italiano\/informacion-general-de-estado-civil\/nascita\/\">pulse aqu\u00ed<\/a>].<\/li>\n<li>Ya no es necesario para pedir cita en el Consulado General para obtener el C.I.E., el C\u00f3digo Fiscal. Ser\u00e1 generado por el sistema autom\u00e1ticamente en el momento de la cita<\/li>\n<li>Es oportuno, para evitar retrasos en la emisi\u00f3n, que cada solicitante tenga actualizada su posici\u00f3n de estado civil ante las autoridades italianas; es decir, que los actos relativos a eventos (matrimonio, nacimiento de hijos, divorcio, etc.) no acontecidos en Italia hayan sido previamente comunicados al Consulado General, o al Comune italiano competente. Para ello, v\u00e9ase la secci\u00f3n de Registro Civil [<a href=\"https:\/\/consbarcellona.esteri.it\/es\/servizi-consolari-e-visti\/servizi-per-il-cittadino-italiano\/informacion-general-de-estado-civil\/\">pulse aqu\u00ed<\/a>].<\/li>\n<\/ul>\n<p>Se recuerda que\u00a0<strong>los plazos del procedimiento administrativo comienzan a partir del d\u00eda en que se presenta la documentaci\u00f3n en la ventanilla<\/strong>.<\/p>\n<p><strong>MODALIDAD DE PRESENTACI\u00d3N DE LA SOLICITUD CIE<\/strong><\/p>\n<p><strong>El Consulado General no reconoce, publicita o aconseja m\u00e9todos de reserva de citas alternativos a los indicados en la p\u00e1gina web.<\/strong><\/p>\n<p><strong>No se aceptan solicitudes de cita a trav\u00e9s correo postal, correo electr\u00f3nico, burofax o presencial.<\/strong><\/p>\n<ol>\n<li>La solicitud de un documento de identidad electr\u00f3nico debe presentarse exclusivamente a trav\u00e9s de la plataforma Prenot@mi ATENCI\u00d3N: si, tras las comprobaciones, surgen elementos que impiden la tramitaci\u00f3n de la solicitud CIE, no se podr\u00e1 realizar ninguna cita. El compatriota ser\u00e1 informado de los motivos de la denegaci\u00f3n y deber\u00e1 repetir el procedimiento en Prenot@mi una vez que se haya regularizado su situaci\u00f3n seg\u00fan lo comunicado por el Consulado General (por tanto, se llama la atenci\u00f3n sobre todos los requisitos del formulario).<\/li>\n<li>Los residentes en las demarcaciones de las Oficinas Consulares Honorarias podr\u00e1n presentar en estas oficinas las solicitudes de C.I.E. para los menores de 12 a\u00f1os, teniendo ya un documento de identidad (CIE, pasaporte).<\/li>\n<\/ol>\n<p><strong>DOCUMENTACI\u00d3N A PRESENTAR<\/strong><\/p>\n<ul>\n<li><a href=\"https:\/\/consbarcellona.esteri.it\/es\/servizi-consolari-e-visti\/servizi-per-il-cittadino-italiano\/carta-didentita-elettronica-cie\/carta-de-identidad-para-adultos-sin-hijos-menores-de-edad\/\"><em>Carta de Identidad para mayores de edad<\/em><\/a><\/li>\n<li><a href=\"https:\/\/consbarcellona.esteri.it\/es\/servizi-consolari-e-visti\/servizi-per-il-cittadino-italiano\/carta-didentita-elettronica-cie\/carta-de-identidad-para-menores-de-edad\/\"><em>Carta de Identidad para menores de 18 a\u00f1os<\/em><\/a><\/li>\n<\/ul>\n<p>El d\u00eda de la cita, se anular\u00e1 el documento de identidad en papel v\u00e1lido o el CIE, aunque el solicitante no tenga ning\u00fan otro documento de identidad v\u00e1lido. Por lo tanto, es aconsejable informar al operador si el solicitante no tiene ning\u00fan otro documento de identidad y de viaje v\u00e1lido (tenga en cuenta que el permiso de conducir s\u00f3lo permite viajar en coche).<\/p>\n<p><strong>TARIFAS DE LA CARTA DE IDENTIDAD ELECTR\u00d3NICA (CIE)<\/strong><\/p>\n<p>Se indican a continuaci\u00f3n las tarifas consulares que deber\u00e1n abonarse en la cuenta del Banco Santander (importante: un ingreso por cada solicitud)<\/p>\n<p><strong>BANCO SANTANDER<\/strong><br \/>\n<strong>IBAN: ES05-0049-4707-5026-1607-8401<\/strong><br \/>\n<strong>BIC\/SWIFT : BSCHESMMXXX<\/strong> (indicar el apellido y el nombre del solicitante en el motivo del pago, por ejemplo, Rossi Mario &#8211; DNI):<\/p>\n<ul>\n<li><strong>21,95<\/strong> \u20ac en caso de primera emisi\u00f3n o renovaci\u00f3n de un CIE<\/li>\n<li><strong>27,11<\/strong> \u20ac para un duplicado en caso de robo\/p\u00e9rdida o deterioro<\/li>\n<\/ul>\n<p>Por <strong>EXPEDICI\u00d3N<\/strong> se entiende la primera emisi\u00f3n de la CIE.<br \/>\nPer <strong>RENOVACI\u00d3N<\/strong> se entiende la emisi\u00f3n de una nueva CIE en sustituci\u00f3n de la carta de identidad vencida (CIC o CIE)<br \/>\nPor <strong>DUPLICADO<\/strong> se entiende la emisi\u00f3n de una nueva CIE en sustituci\u00f3n de la anterior CIE.<\/p>\n<p><strong>El pago de la tasa consular de la CIE se podr\u00e1 realizar mediante transferencia bancaria o telem\u00e1ticamente (al menos 5 d\u00edas antes de la cita) a la cuenta del Consulado General o mediante pago en efectivo en el Banco Santander como se\u00a0 indica anteriormente.<\/strong><\/p>\n<p>Para m\u00e1s informaci\u00f3n y detalles, pulse en el siguiente enlace:<\/p>\n<p><a href=\"https:\/\/www.esteri.it\/mae\/it\/servizi\/italiani-all-estero\/documenti_di_viaggio\/carta_identita.html\"><em>Informaci\u00f3n general en el sitio web del Ministerio de Asuntos Exteriores y Cooperaci\u00f3n Internacional<\/em><\/a><\/p>\n","protected":false},"excerpt":{"rendered":"*** Iniziativa speciale: Sostituzione Carta Identit\u00e0 Cartacea con CIE\u00a0*** INFORMACI\u00d3N GENERAL La Carta de Identidad Electr\u00f3nica (CIE) es un documento para el reconocimiento y de viaje valido para residir y circular dentro de la Uni\u00f3n Europea (y en aquellos pa\u00edses con los que se hayan establecido espec\u00edficos acuerdos). Antes de empezar un viaje se recomienda [&hellip;]","protected":false},"author":6,"featured_media":0,"parent":6545,"menu_order":2,"comment_status":"closed","ping_status":"closed","template":"","meta":{"footnotes":""},"class_list":["post-341","page","type-page","status-publish","hentry"],"_links":{"self":[{"href":"https:\/\/consbarcellona.esteri.it\/es\/wp-json\/wp\/v2\/pages\/341","targetHints":{"allow":["GET"]}}],"collection":[{"href":"https:\/\/consbarcellona.esteri.it\/es\/wp-json\/wp\/v2\/pages"}],"about":[{"href":"https:\/\/consbarcellona.esteri.it\/es\/wp-json\/wp\/v2\/types\/page"}],"author":[{"embeddable":true,"href":"https:\/\/consbarcellona.esteri.it\/es\/wp-json\/wp\/v2\/users\/6"}],"replies":[{"embeddable":true,"href":"https:\/\/consbarcellona.esteri.it\/es\/wp-json\/wp\/v2\/comments?post=341"}],"version-history":[{"count":6,"href":"https:\/\/consbarcellona.esteri.it\/es\/wp-json\/wp\/v2\/pages\/341\/revisions"}],"predecessor-version":[{"id":10225,"href":"https:\/\/consbarcellona.esteri.it\/es\/wp-json\/wp\/v2\/pages\/341\/revisions\/10225"}],"up":[{"embeddable":true,"href":"https:\/\/consbarcellona.esteri.it\/es\/wp-json\/wp\/v2\/pages\/6545"}],"wp:attachment":[{"href":"https:\/\/consbarcellona.esteri.it\/es\/wp-json\/wp\/v2\/media?parent=341"}],"curies":[{"name":"wp","href":"https:\/\/api.w.org\/{rel}","templated":true}]}}