{"id":324,"date":"2023-05-09T11:30:20","date_gmt":"2023-05-09T09:30:20","guid":{"rendered":"https:\/\/consbarcellona.esteri.it\/?page_id=324"},"modified":"2026-05-06T16:09:50","modified_gmt":"2026-05-06T14:09:50","slug":"informazione-generale-passaporti","status":"publish","type":"page","link":"https:\/\/consbarcellona.esteri.it\/es\/servizi-consolari-e-visti\/servizi-per-il-cittadino-italiano\/documenti-di-viaggio-passaporti-cie-etd-ecc\/informazione-generale-passaporti\/","title":{"rendered":"Pasaportes"},"content":{"rendered":"<p style=\"text-align: right;\"><em>(act. 06\/05\/2026)<\/em><\/p>\n<p><strong>El Consulado General no reconoce, publicita o aconseja m\u00e9todos de reserva de citas alternativos a los indicados en la p\u00e1gina web.<\/strong><\/p>\n<p><strong>No se aceptan solicitudes de cita a trav\u00e9s correo postal, correo electr\u00f3nico, burofax o presencial.<\/strong><\/p>\n<ul>\n<li><strong><a href=\"https:\/\/consbarcellona.esteri.it\/es\/servizi-consolari-e-visti\/servizi-per-il-cittadino-italiano\/documenti-di-viaggio-passaporti-cie-etd-ecc\/informazione-generale-passaporti\/residenti-a-barcellona-e-in-catalogna-e-principato-di-andorra\/\">Residentes en Catalu\u00f1a, Ibiza y Formentera<\/a><\/strong><\/li>\n<li><strong><a href=\"https:\/\/consbarcellona.esteri.it\/es\/servizi-consolari-e-visti\/servizi-per-il-cittadino-italiano\/documenti-di-viaggio-passaporti-cie-etd-ecc\/informazione-generale-passaporti\/presentar-una-solicitud-en-las-oficinas-consulares-honorarias\/\">Residentes en otras Comunidades Aut\u00f3nomas (solicitud en una Oficina Consular Honor\u00e1ria)<\/a><\/strong><\/li>\n<li><strong>Documentaci\u00f3n a presentar a la ventanilla:<\/strong>\n<ul>\n<li><strong><a href=\"https:\/\/consbarcellona.esteri.it\/es\/servizi-consolari-e-visti\/servizi-per-il-cittadino-italiano\/documenti-di-viaggio-passaporti-cie-etd-ecc\/informazione-generale-passaporti\/pasaporte-para-adultos-sin-hijos-menores-de-edad\/\">Solicitante mayor de edad<\/a><\/strong><\/li>\n<li><strong><a href=\"https:\/\/consbarcellona.esteri.it\/es\/servizi-consolari-e-visti\/servizi-per-il-cittadino-italiano\/documenti-di-viaggio-passaporti-cie-etd-ecc\/informazione-generale-passaporti\/pasaporte-para-menores-de-edad\/\">Solicitante menor de edad<\/a><\/strong><\/li>\n<li><strong><a href=\"https:\/\/consbarcellona.esteri.it\/es\/servizi-consolari-e-visti\/servizi-per-il-cittadino-italiano\/documenti-di-viaggio-passaporti-cie-etd-ecc\/informazione-generale-passaporti\/declaracion-de-consentimiento-en-presencia-de-menores\/\">Acta de consentimiento (en caso de hijos menores)<\/a><\/strong><\/li>\n<\/ul>\n<\/li>\n<li><strong><a href=\"https:\/\/consbarcellona.esteri.it\/es\/servizi-consolari-e-visti\/servizi-per-il-cittadino-italiano\/documenti-di-viaggio-passaporti-cie-etd-ecc\/informazione-generale-passaporti\/procedura-rilascio-passaporto-in-casi-di-assoluta-e-documentata-urgenza\/\">Procedimiento en casos de urgencia por motivos de salud\/trabajo documentados<\/a><\/strong><span style=\"text-decoration: underline;\"><br \/>\n<\/span><\/li>\n<li><strong>Canales preferenciales:<\/strong>\n<ul>\n<li><strong><a href=\"https:\/\/consbarcellona.esteri.it\/es\/news\/dal_consolato\/2023\/05\/nuovi-servizi-conoslari-attivazione-2\/\">Dulce espera<\/a><\/strong><\/li>\n<li><strong><a href=\"https:\/\/consbarcellona.esteri.it\/es\/news\/dal_consolato\/2024\/09\/passaporti-per-neonati-in-spagna-attivazione-canale-dedicato\/\">Reci\u00e9n nacidos en Espa\u00f1a<\/a><\/strong><\/li>\n<li><strong><a href=\"https:\/\/consbarcellona.esteri.it\/es\/news\/dal_consolato\/2023\/05\/nuovi-servizi-conoslari-attivazione-2\/\">Mayores de 75 a\u00f1os<\/a><\/strong><\/li>\n<li><span style=\"text-decoration: underline;\"><strong><a href=\"https:\/\/consbarcellona.esteri.it\/es\/news\/dal_consolato\/2026\/04\/10499\/\">Iniciativa \u00abViajes de Verano\u00bb<\/a><\/strong><\/span><\/li>\n<\/ul>\n<\/li>\n<li><strong><a href=\"https:\/\/consbarcellona.esteri.it\/es\/servizi-consolari-e-visti\/servizi-per-il-cittadino-italiano\/documenti-di-viaggio-passaporti-cie-etd-ecc\/informazione-generale-passaporti\/validita-tariffe-e-richieste-di-rimborso\/\">Validez, tasas y devoluci\u00f3n de importes<\/a><\/strong><\/li>\n<\/ul>\n<p style=\"text-align: justify;\"><strong>Informaci\u00f3n importante<\/strong>:<\/p>\n<ol style=\"text-align: justify;\">\n<li>Los menores de 12 a\u00f1os residentes en Girona pueden presentar solicitud de pasaporte en el correspondiente Vice-Consulado de Girona.<\/li>\n<li>Pedir una cita para cada solicitud.<\/li>\n<li><strong>Se recuerda que solo se puede solicitar la expedici\u00f3n de un nuevo pasaporte si el actual se acerca a tener una validez inferior a seis meses<\/strong>. Si la documentaci\u00f3n presentada en la ventanilla del Consulado de Barcelona est\u00e1 completa y no surgen elementos que impida la tramitaci\u00f3n de la solicitud, el pasaporte se expedir\u00e1 en pocos d\u00edas o el d\u00eda mismo.<\/li>\n<li>Se recuerda que los plazos del procedimiento administrativo comienzan a partir del d\u00eda en que se presenta la documentaci\u00f3n en la ventanilla.<\/li>\n<\/ol>\n<p style=\"text-align: justify;\"><span style=\"text-decoration: underline;\"><strong>No se aceptan solicitudes de cita a trav\u00e9s correo postal, correo electr\u00f3nico, burofax o presencial.<\/strong><\/span><\/p>\n<p>Se recomienda seguir escrupulosamente las instrucciones para solicitar una cita, seg\u00fan lo previsto por el propio servicio. El simple env\u00edo de un correo electr\u00f3nico para solicitar la cita no es suficiente para que esta sea concedida y no constituye el inicio del proceso administrativo.<\/p>\n<p style=\"text-align: justify;\">El pasaporte es un documento de viaje e identificaci\u00f3n v\u00e1lido para todos los pa\u00edses cuyos gobiernos est\u00e1n reconocidos por el gobierno italiano. Para residir y viajar por los pa\u00edses de la Uni\u00f3n Europea (y otros pa\u00edses con los que hay acuerdos espec\u00edficos en vigor), basta con un documento de identidad v\u00e1lido. Antes de emprender un viaje, se recomienda consultar detenidamente el sitio web\u00a0<a href=\"https:\/\/www.viaggiaresicuri.it\/\"><em>www.viaggiaresicuri.it.<\/em><\/a><\/p>\n<p style=\"text-align: justify;\">El Consulado General de Barcelona es competente para expedir pasaportes a los ciudadanos italianos residentes en la <a href=\"https:\/\/consbarcellona.esteri.it\/es\/chi-siamo\/la-rete-consolare\/\">Circunscripci\u00f3n Consular<\/a> y <strong>regularmente <a href=\"https:\/\/consbarcellona.esteri.it\/es\/servizi-consolari-e-visti\/servizi-per-il-cittadino-italiano\/registro-de-italianos-residentes-en-el-extranjero-a-i-r-e\/\">inscritos en la A.I.R.E.<\/a><\/strong>\u00a0Los residentes que a\u00fan no se hayan inscrito en el A.I.R.E. pueden presentar solicitud para el pasaporte\u00a0<strong>SOLO<\/strong> despu\u00e9s de haber cargado su solicitud de inscripci\u00f3n A.I.R.E. online (con la documentaci\u00f3n adecuada completa) a trav\u00e9s del <a href=\"https:\/\/serviziconsolari.esteri.it\/ScoFE\/index.sco\" target=\"_blank\" rel=\"noopener\">portal Fast-It<\/a> y verificado que <strong>aparezca como \u201cTrasmitida al Comune\u201d<\/strong> (<u>no es suficiente que solo aparezca como \u201cpresentada\u201d<\/u>).<\/p>\n<p style=\"text-align: justify;\">Aunque te\u00f3ricamente posible, <strong><u>la expedici\u00f3n del pasaporte para NO residentes ser\u00e1 trabajada de manera residual y solo frente a casos excepcionales.<\/u><\/strong><\/p>\n<p style=\"text-align: justify;\">Para evitar retrasos en la expedici\u00f3n, es aconsejable que cada solicitante de pasaporte tenga una situaci\u00f3n de estado civil actualizada con respecto a las autoridades italianas, es decir, que los documentos relativos a acontecimientos (matrimonio, nacimiento de hijos, divorcio, etc.) que no hayan tenido lugar en Italia se hayan presentado ya en la Oficina Consular o el municipio correspondiente.<\/p>\n","protected":false},"excerpt":{"rendered":"(act. 06\/05\/2026) El Consulado General no reconoce, publicita o aconseja m\u00e9todos de reserva de citas alternativos a los indicados en la p\u00e1gina web. No se aceptan solicitudes de cita a trav\u00e9s correo postal, correo electr\u00f3nico, burofax o presencial. Residentes en Catalu\u00f1a, Ibiza y Formentera Residentes en otras Comunidades Aut\u00f3nomas (solicitud en una Oficina Consular Honor\u00e1ria) [&hellip;]","protected":false},"author":6,"featured_media":0,"parent":6545,"menu_order":1,"comment_status":"closed","ping_status":"closed","template":"","meta":{"footnotes":""},"class_list":["post-324","page","type-page","status-publish","hentry"],"_links":{"self":[{"href":"https:\/\/consbarcellona.esteri.it\/es\/wp-json\/wp\/v2\/pages\/324","targetHints":{"allow":["GET"]}}],"collection":[{"href":"https:\/\/consbarcellona.esteri.it\/es\/wp-json\/wp\/v2\/pages"}],"about":[{"href":"https:\/\/consbarcellona.esteri.it\/es\/wp-json\/wp\/v2\/types\/page"}],"author":[{"embeddable":true,"href":"https:\/\/consbarcellona.esteri.it\/es\/wp-json\/wp\/v2\/users\/6"}],"replies":[{"embeddable":true,"href":"https:\/\/consbarcellona.esteri.it\/es\/wp-json\/wp\/v2\/comments?post=324"}],"version-history":[{"count":8,"href":"https:\/\/consbarcellona.esteri.it\/es\/wp-json\/wp\/v2\/pages\/324\/revisions"}],"predecessor-version":[{"id":10348,"href":"https:\/\/consbarcellona.esteri.it\/es\/wp-json\/wp\/v2\/pages\/324\/revisions\/10348"}],"up":[{"embeddable":true,"href":"https:\/\/consbarcellona.esteri.it\/es\/wp-json\/wp\/v2\/pages\/6545"}],"wp:attachment":[{"href":"https:\/\/consbarcellona.esteri.it\/es\/wp-json\/wp\/v2\/media?parent=324"}],"curies":[{"name":"wp","href":"https:\/\/api.w.org\/{rel}","templated":true}]}}