{"id":314,"date":"2023-05-08T12:44:12","date_gmt":"2023-05-08T10:44:12","guid":{"rendered":"https:\/\/consbarcellona.esteri.it\/?page_id=314"},"modified":"2025-12-22T15:46:47","modified_gmt":"2025-12-22T14:46:47","slug":"registro-de-italianos-residentes-en-el-extranjero-a-i-r-e","status":"publish","type":"page","link":"https:\/\/consbarcellona.esteri.it\/es\/servizi-consolari-e-visti\/servizi-per-il-cittadino-italiano\/registro-de-italianos-residentes-en-el-extranjero-a-i-r-e\/","title":{"rendered":"Registro de italianos residentes en el extranjero (A.I.R.E.)"},"content":{"rendered":"<ul>\n<li><strong><a href=\"https:\/\/consbarcellona.esteri.it\/es\/servizi-consolari-e-visti\/servizi-per-il-cittadino-italiano\/registro-de-italianos-residentes-en-el-extranjero-a-i-r-e\/solicitar-la-inscripcion-en-el-a-i-r-e\/\" target=\"_blank\" rel=\"noopener\">Solicitar la inscripci\u00f3n en el A.I.R.E.<\/a><\/strong><\/li>\n<li><strong><a href=\"https:\/\/consbarcellona.esteri.it\/es\/servizi-consolari-e-visti\/servizi-per-il-cittadino-italiano\/registro-de-italianos-residentes-en-el-extranjero-a-i-r-e\/cambio-residenza\/\" target=\"_blank\" rel=\"noopener\">Cambio de residencia<\/a><\/strong><\/li>\n<li><strong><a href=\"https:\/\/consbarcellona.esteri.it\/es\/servizi-consolari-e-visti\/servizi-per-il-cittadino-italiano\/registro-de-italianos-residentes-en-el-extranjero-a-i-r-e\/traslado-de-la-inscripcion-a-i-r-e\/\" target=\"_blank\" rel=\"noopener\">Traslado de la inscripci\u00f3n A.I.R.E.<\/a><\/strong><\/li>\n<li><a href=\"https:\/\/consbarcellona.esteri.it\/es\/servizi-consolari-e-visti\/servizi-per-il-cittadino-italiano\/registro-de-italianos-residentes-en-el-extranjero-a-i-r-e\/il-portale-dei-servizi-consolari\/\" target=\"_blank\" rel=\"noopener\"><strong>Il portale dei Servizi Consolari\u00a0<\/strong><strong><em style=\"font-weight: 400;\">(en italiano)<\/em><\/strong><\/a><\/li>\n<li><a href=\"https:\/\/consbarcellona.esteri.it\/es\/servizi-consolari-e-visti\/servizi-per-il-cittadino-italiano\/registro-de-italianos-residentes-en-el-extranjero-a-i-r-e\/convivenze-di-fatto\/\"><strong>Convivencia de hecho<\/strong><\/a><\/li>\n<\/ul>\n<p>El Registro de Italianos Residentes en el Extranjero (A.I.R.E.) fue creado por la Ley n. 470 de 27 de octubre de 1988 y contiene los datos de los ciudadanos italianos que residen en el extranjero por un periodo superior a doce meses. Lo gestionan los municipios a partir de los datos e informaciones procedentes de las representaciones consulares en el extranjero.<\/p>\n<p>La inscripci\u00f3n en la A.I.R.E. es una <strong>obligaci\u00f3n<\/strong> de los ciudadanos (Art. 6 de la Ley n. 470\/1988) y es un requisito previo para hacer uso de una serie de servicios que prestan las Representaciones Consulares en el extranjero, as\u00ed como para ejercer importantes derechos, como:<\/p>\n<ul>\n<li>la posibilidad de votar en las elecciones pol\u00edticas y en los referendos por correo en el pa\u00eds de residencia, y para la elecci\u00f3n de los representantes italianos en el Parlamento Europeo en los colegios electorales establecidos por la red diplom\u00e1tico-consular en los pa\u00edses pertenecientes a la UE;<\/li>\n<li>la posibilidad de obtener la expedici\u00f3n o renovaci\u00f3n de documentos de identidad y de viaje y certificaciones;<\/li>\n<\/ul>\n<p><span style=\"text-decoration: underline;\">Le informamos que el art. 1 p\u00e1rrafo 242 de la ley n\u00fam. 213, de 30 de diciembre de 2023, en vigor desde el 1 de enero de 2024, introdujo una multa de hasta 1.000,00 euros por cada a\u00f1o de no inscripci\u00f3n en el A.I.R.E., durante un m\u00e1ximo de 5 a\u00f1os, para todos los ciudadanos italianos residentes en el extranjero. Cabe se\u00f1alar tambi\u00e9n que la autoridad competente para la valoraci\u00f3n y posible imposici\u00f3n de la sanci\u00f3n es el \u00abComune\u00bb en cuyo registro se encuentre inscrito el infractor.<\/span><\/p>\n<p><strong>Deben<\/strong> registrarse en el A.I.R.E:<\/p>\n<ul>\n<li>los ciudadanos que trasladan su residencia al extranjero por per\u00edodos superiores a 12 meses;<\/li>\n<li>los que ya residen en ella, ya sea porque han nacido en el extranjero o porque han adquirido posteriormente la nacionalidad italiana por cualquier motivo.<\/li>\n<\/ul>\n<p><strong>No tienen<\/strong> que registrarse en el A.I.R.E:<\/p>\n<ul>\n<li>personas que viajan al extranjero por un periodo inferior a un a\u00f1o;<\/li>\n<li>trabajadores de temporada;<\/li>\n<li>dirigentes de escuelas, docentes y personal administrativo de la escuela en servicio al extranjero en el marco de actividad escolares fuera del territorio nacional;<\/li>\n<li>los empleados permanentes del Estado que prestan servicio en el extranjero y que son notificados de conformidad con las Convenciones de Viena sobre relaciones diplom\u00e1ticas y consulares de 1961 y 1963, respectivamente;<\/li>\n<li>Personal militar italiano que presta servicio en las oficinas e instalaciones de la OTAN en el extranjero.<\/li>\n<\/ul>\n<p>La inscripci\u00f3n en la A.I.R.E. se efect\u00faa previa declaraci\u00f3n del interesado ante la oficina consular competente en el territorio en un plazo de 90 d\u00edas a partir del traslado de residencia y conlleva la simult\u00e1nea baja en el Registro de Poblaci\u00f3n Residente (A.P.R.) del municipio de origen.<\/p>\n<p>La solicitud debe realizarse a trav\u00e9s del portal Fast.it [<a href=\"https:\/\/serviziconsolari.esteri.it\" target=\"_blank\" rel=\"noopener\">pulse aqu\u00ed<\/a>] adjuntando la documentaci\u00f3n requerida.<\/p>\n<p>La inscripci\u00f3n tambi\u00e9n puede realizarse de oficio, sobre la base de la informaci\u00f3n de la que haya tenido conocimiento la oficina consular.<\/p>\n<p><span style=\"text-decoration: underline;\"><strong>La afiliaci\u00f3n a A.I.R.E. es gratuita.<\/strong><\/span><\/p>\n<p><span style=\"text-decoration: underline;\"><strong>La actualizaci\u00f3n del A.I.R.E. depende del ciudadano.<\/strong><\/span><\/p>\n<p>El interesado debe notificarlo a la oficina consular sin demora:<\/p>\n<ul>\n<li>el traslado de la residencia o el domicilio al extranjero;<\/li>\n<li>cambios en el estado civil, tambi\u00e9n para la posible transcripci\u00f3n en Italia de actos extranjeros (matrimonio, nacimiento, divorcio, defunci\u00f3n, etc.);<\/li>\n<li>la p\u00e9rdida de la ciudadan\u00eda italiana.<\/li>\n<\/ul>\n<p>Los ciudadanos inscritos en el AIRE que regresan definitivamente a Italia deben presentarse en el municipio italiano donde han decidido instalarse para declarar su nueva direcci\u00f3n de residencia. En la misma fecha, el Ayuntamiento proceder\u00e1 a la baja en AIRE y al alta simult\u00e1nea en APR (Anagrafe Popolazione Residente). Ser\u00e1 responsabilidad del Ayuntamiento comunicar oficialmente la fecha efectiva de repatriaci\u00f3n al Consulado de origen, que registrar\u00e1 la repatriaci\u00f3n en sus archivos consulares.<\/p>\n<p>La falta de actualizaci\u00f3n de la informaci\u00f3n, en particular la relativa al cambio de direcci\u00f3n, hace imposible ponerse en contacto con el ciudadano y recibir la tarjeta o el sobre de votaci\u00f3n.<\/p>\n<p>Es importante que el compatriota indique su direcci\u00f3n de forma correcta y completa de acuerdo con la normativa postal del pa\u00eds de residencia.<\/p>\n<p>Se produce la cancelaci\u00f3n del A.I.R.E:<\/p>\n<ul>\n<li>para la inscripci\u00f3n en el Registro de Poblaci\u00f3n Residente (A.P.R.) de un municipio italiano tras el traslado desde el extranjero o la repatriaci\u00f3n;<\/li>\n<li>por muerte, incluida la muerte presunta declarada judicialmente;<\/li>\n<li>por presunta indisponibilidad, salvo prueba en contrario, cien a\u00f1os despu\u00e9s del nacimiento o despu\u00e9s de dos registros sucesivos, o cuando la direcci\u00f3n extranjera comunicada anteriormente ya no es v\u00e1lida y no es posible adquirir una nueva;<\/li>\n<li>por la p\u00e9rdida de la ciudadan\u00eda italiana;<\/li>\n<\/ul>\n","protected":false},"excerpt":{"rendered":"Solicitar la inscripci\u00f3n en el A.I.R.E. Cambio de residencia Traslado de la inscripci\u00f3n A.I.R.E. Il portale dei Servizi Consolari\u00a0(en italiano) Convivencia de hecho El Registro de Italianos Residentes en el Extranjero (A.I.R.E.) fue creado por la Ley n. 470 de 27 de octubre de 1988 y contiene los datos de los ciudadanos italianos que residen [&hellip;]","protected":false},"author":6,"featured_media":0,"parent":193,"menu_order":1,"comment_status":"closed","ping_status":"closed","template":"","meta":{"footnotes":""},"class_list":["post-314","page","type-page","status-publish","hentry"],"_links":{"self":[{"href":"https:\/\/consbarcellona.esteri.it\/es\/wp-json\/wp\/v2\/pages\/314","targetHints":{"allow":["GET"]}}],"collection":[{"href":"https:\/\/consbarcellona.esteri.it\/es\/wp-json\/wp\/v2\/pages"}],"about":[{"href":"https:\/\/consbarcellona.esteri.it\/es\/wp-json\/wp\/v2\/types\/page"}],"author":[{"embeddable":true,"href":"https:\/\/consbarcellona.esteri.it\/es\/wp-json\/wp\/v2\/users\/6"}],"replies":[{"embeddable":true,"href":"https:\/\/consbarcellona.esteri.it\/es\/wp-json\/wp\/v2\/comments?post=314"}],"version-history":[{"count":7,"href":"https:\/\/consbarcellona.esteri.it\/es\/wp-json\/wp\/v2\/pages\/314\/revisions"}],"predecessor-version":[{"id":9447,"href":"https:\/\/consbarcellona.esteri.it\/es\/wp-json\/wp\/v2\/pages\/314\/revisions\/9447"}],"up":[{"embeddable":true,"href":"https:\/\/consbarcellona.esteri.it\/es\/wp-json\/wp\/v2\/pages\/193"}],"wp:attachment":[{"href":"https:\/\/consbarcellona.esteri.it\/es\/wp-json\/wp\/v2\/media?parent=314"}],"curies":[{"name":"wp","href":"https:\/\/api.w.org\/{rel}","templated":true}]}}