{"id":290,"date":"2023-05-05T11:52:26","date_gmt":"2023-05-05T09:52:26","guid":{"rendered":"https:\/\/consbarcellona.esteri.it\/?page_id=290"},"modified":"2026-02-26T15:19:03","modified_gmt":"2026-02-26T14:19:03","slug":"tarifas-consulares","status":"publish","type":"page","link":"https:\/\/consbarcellona.esteri.it\/es\/servizi-consolari-e-visti\/servizi-per-il-cittadino-italiano\/tarifas-consulares\/","title":{"rendered":"Tarifas Consulares"},"content":{"rendered":"<p>Los importes debidos para la emisi\u00f3n de actas consulares se ingresan exclusivamente a trav\u00e9s de la cuenta corriente abierta a nombre del \u00ab<strong>CONSULADO GENERAL DE ITALIA EN BARCELONA<\/strong>\u00bb en la siguiente entidad bancaria:<\/p>\n<p>BANCO SANTANDER<br \/>\nIBAN: ES05-0049-4707-5026-1607-8401<br \/>\nBIC\/SWIFT : BSCHESMMXXX<\/p>\n<p>Concepto del pago : Nombre Apellido (ejemplo: Mario Rossi)<\/p>\n<p>&nbsp;<\/p>\n<p>Los ingresos se pueden efectuar:<\/p>\n<ul>\n<li>Cualquier ventanilla del Banco Santander \u2022&gt; <a href=\"https:\/\/consbarcellona.esteri.it\/wp-content\/uploads\/2023\/05\/distintasantander1.pdf\"><em>formulario Santander<\/em><\/a><\/li>\n<li>Desde el propio banco mediante transferencia bancaria o telem\u00e1tica a dicha cuenta. En este caso el pago debe de ser hecho una semana antes de la cita al Consulado General, as\u00ed que s\u00f3lo despu\u00e9s de haber obtenido la cita al Consulado General. En ning\u00fan caso el pago deber\u00eda hacerse en el momento del env\u00edo de la documentaci\u00f3n por correo.<\/li>\n<\/ul>\n<p>Se deber\u00e1 aportar siempre el resguardo original de ingreso (nunca fotocopia) junto a la solicitud del servicio o certificado que se solicita, que debe contener:<\/p>\n<ul>\n<li>apellido y nombre del solicitante<\/li>\n<li>descripci\u00f3n del servicio solicitado y de quien requiere el servicio (en caso de menores, apellido y nombre del menor) ejemplo: solicitud pasaporte Mario Rossi<\/li>\n<\/ul>\n<p>Para mas informaciones sobre las tarifas consulares: <a href=\"https:\/\/consbarcellona.esteri.it\/wp-content\/uploads\/2025\/12\/tabella_diritti__valida_dal_01-12-2025_a.pdf\"><em>tarifas consulares<\/em><\/a><\/p>\n<p><strong>Devoluci\u00f3n de importes<\/strong><br \/>\nEn caso de pago efectuado por error o para obtener el reembolso de la tarifa ingresada, el interesado deber\u00e1 rellenar y enviar el formulario de solicitud de reembolso a la direcci\u00f3n de correo <a href=\"mailto:barcellona.contab@esteri.it\">barcellona.contab@esteri.it<\/a> con todos los adjuntos previstos en dicho formulario.<\/p>\n<p>\u2022&gt; <a href=\"https:\/\/consbarcellona.esteri.it\/wp-content\/uploads\/2023\/05\/rimborso_tariffe_bcn.doc\"><em>Impreso de reembolso de tarifas consulares<\/em><\/a><\/p>\n<p>El reembolso de las tasas consulares ser\u00e1 enviado una vez concluido el control contable.<\/p>\n","protected":false},"excerpt":{"rendered":"Los importes debidos para la emisi\u00f3n de actas consulares se ingresan exclusivamente a trav\u00e9s de la cuenta corriente abierta a nombre del \u00abCONSULADO GENERAL DE ITALIA EN BARCELONA\u00bb en la siguiente entidad bancaria: BANCO SANTANDER IBAN: ES05-0049-4707-5026-1607-8401 BIC\/SWIFT : BSCHESMMXXX Concepto del pago : Nombre Apellido (ejemplo: Mario Rossi) &nbsp; Los ingresos se pueden efectuar: [&hellip;]","protected":false},"author":6,"featured_media":0,"parent":193,"menu_order":15,"comment_status":"closed","ping_status":"closed","template":"","meta":{"footnotes":""},"class_list":["post-290","page","type-page","status-publish","hentry"],"_links":{"self":[{"href":"https:\/\/consbarcellona.esteri.it\/es\/wp-json\/wp\/v2\/pages\/290","targetHints":{"allow":["GET"]}}],"collection":[{"href":"https:\/\/consbarcellona.esteri.it\/es\/wp-json\/wp\/v2\/pages"}],"about":[{"href":"https:\/\/consbarcellona.esteri.it\/es\/wp-json\/wp\/v2\/types\/page"}],"author":[{"embeddable":true,"href":"https:\/\/consbarcellona.esteri.it\/es\/wp-json\/wp\/v2\/users\/6"}],"replies":[{"embeddable":true,"href":"https:\/\/consbarcellona.esteri.it\/es\/wp-json\/wp\/v2\/comments?post=290"}],"version-history":[{"count":7,"href":"https:\/\/consbarcellona.esteri.it\/es\/wp-json\/wp\/v2\/pages\/290\/revisions"}],"predecessor-version":[{"id":9970,"href":"https:\/\/consbarcellona.esteri.it\/es\/wp-json\/wp\/v2\/pages\/290\/revisions\/9970"}],"up":[{"embeddable":true,"href":"https:\/\/consbarcellona.esteri.it\/es\/wp-json\/wp\/v2\/pages\/193"}],"wp:attachment":[{"href":"https:\/\/consbarcellona.esteri.it\/es\/wp-json\/wp\/v2\/media?parent=290"}],"curies":[{"name":"wp","href":"https:\/\/api.w.org\/{rel}","templated":true}]}}