{"id":2330,"date":"2023-10-02T11:30:10","date_gmt":"2023-10-02T09:30:10","guid":{"rendered":"https:\/\/consbarcellona.esteri.it\/?page_id=2330"},"modified":"2025-11-04T10:44:29","modified_gmt":"2025-11-04T09:44:29","slug":"viaggi-di-minori-non-accompagnati-dai-genitori","status":"publish","type":"page","link":"https:\/\/consbarcellona.esteri.it\/es\/servizi-consolari-e-visti\/servizi-per-il-cittadino-italiano\/documenti-di-viaggio-passaporti-cie-etd-ecc\/viaggi-di-minori-non-accompagnati-dai-genitori\/","title":{"rendered":"Viajes de menores no acompa\u00f1ados por los padres"},"content":{"rendered":"<p><strong><u>Viajes de menores de 14 a\u00f1os<\/u><\/strong><\/p>\n<p>Los menores italianos, hasta la edad de 14 a\u00f1os, pueden viajar s\u00f3lo con su documento de identidad\/pasaporte, sin documentos adicionales, si van acompa\u00f1ados por al menos uno de los dos padres. En caso de que dichos menores de 14 a\u00f1os no vayan acompa\u00f1ados por al menos uno de sus progenitores (o su tutor legal), deber\u00e1 solicitarse en su lugar una anotaci\u00f3n en el pasaporte italiano o una declaraci\u00f3n de acompa\u00f1amiento.<\/p>\n<p>Los padres o su tutor legal deber\u00e1n presentar una solicitud ante la Autoridad encargada de expedir el pasaporte, que normalmente es aquella en cuya circunscripci\u00f3n reside el solicitante (Jefatura de Polic\u00eda o Consulado), en la que indiquen el nombre de la\/s persona\/s o la empresa\/entidad de transporte a la que se conf\u00eda el menor, solicitando que la menci\u00f3n conste en el pasaporte del menor o en un certificado separado.<\/p>\n<p>En el inter\u00e9s superior del menor, la solicitud de declaraci\u00f3n de acompa\u00f1amiento debe ser presentada, junto con toda la documentaci\u00f3n necesaria, por ambos progenitores (los \u00abdeclarantes\u00bb) simult\u00e1neamente o en momentos diferentes (por ejemplo, uno de los progenitores presenta la solicitud y el otro recoge la declaraci\u00f3n).<\/p>\n<p>Los declarantes (exclusivamente inscritos en AIRE en la circunscripci\u00f3n consular de Barcelona) pueden presentarse personalmente en el Consulado General de Italia en Barcelona todos los mi\u00e9rcoles de 9:30 a 12:30 horas, o en la Oficina Consular Honoraria de referencia (<a href=\"https:\/\/consbarcellona.esteri.it\/it\/chi-siamo\/la-rete-consolare\/\"><em>clic aqu\u00ed<\/em><\/a>).<\/p>\n<p><strong>Documentaci\u00f3n a presentar:<\/strong><\/p>\n<ul>\n<li>Formulario de solicitud (<a href=\"https:\/\/consbarcellona.esteri.it\/wp-content\/uploads\/2025\/05\/dichiarazione_2025_accompagnamento_it.doc\"><em>clic aqu\u00ed<\/em><\/a>);<\/li>\n<li>copias de los documentos de identidad de los declarantes (de las p\u00e1ginas donde aparecen la foto y la firma). Deber\u00e1n identificarse ante el funcionario con los documentos originales;<\/li>\n<li>copia del documento de viaje v\u00e1lido con el que viajar\u00e1 el menor;<\/li>\n<li>copia del documento de viaje del acompa\u00f1ante o acompa\u00f1antes (se puede indicar un m\u00e1ximo de dos acompa\u00f1antes adultos);<\/li>\n<li>copia del itinerario de viaje (eventual\/si lo hubiera).<\/li>\n<\/ul>\n<p>Teniendo en cuenta\/ante el constante y creciente aumento de solicitudes para la prestaci\u00f3n de este servicio consular (imprescindible en viajes educativos, excursiones escolares y viajes con familiares de menores de 14 a\u00f1os), se invita encarecidamente a los usuarios a solicitar la expedici\u00f3n de la declaraci\u00f3n de acompa\u00f1amiento con suficiente antelaci\u00f3n a la fecha prevista de salida del menor -un m\u00ednimo de 15 d\u00edas h\u00e1biles si se presenta en la ventanilla del Consulado General en Barcelona, y un m\u00ednimo de 20 d\u00edas h\u00e1biles si se presenta a trav\u00e9s de una Oficina Consular Honoraria. La Oficina Consular Honoraria adquirir\u00e1 la documentaci\u00f3n y la remitir\u00e1 al Consulado General en Barcelona, que es la \u00fanica autoridad competente para emitir la declaraci\u00f3n de acompa\u00f1amiento. Una vez emitida, el Consulado General enviar\u00e1 por correo electr\u00f3nico al connacional las instrucciones para su env\u00edo, cuyo coste corre a cargo del usuario.<\/p>\n<p>El plazo para la expedici\u00f3n de la declaraci\u00f3n de acompa\u00f1amiento ser\u00e1 comunicado por el funcionario consular encargado en el momento de la presentaci\u00f3n de la solicitud.<\/p>\n<p>&nbsp;<\/p>\n<p><strong><u>Viajes de menores entre 14 y 17 a\u00f1os<\/u><\/strong><\/p>\n<p>A partir del 1 de septiembre de 2019, los ciudadanos espa\u00f1oles menores de 18 a\u00f1os que viajen solos o acompa\u00f1ados por personas distintas de sus padres o representante legal deber\u00e1n viajar con una declaraci\u00f3n espec\u00edfica de acompa\u00f1amiento. Los menores extranjeros residentes en Espa\u00f1a deber\u00e1n presentar la documentaci\u00f3n exigida por la normativa vigente en su Pa\u00eds de origen.<\/p>\n<p>Los menores italianos que ya hayan cumplido 14 a\u00f1os podr\u00e1n viajar sin acompa\u00f1ante, de acuerdo con la legislaci\u00f3n vigente en materia de pasaportes y documentos de identidad\/viaje equivalentes (Ley n\u00ba 1185\/1967).<\/p>\n<p>Para evitar inconvenientes debidos a interpretaciones err\u00f3neas, invitamos a los compatriotas que tengan previsto viajar con un menor no acompa\u00f1ado de entre 14 y 17 a\u00f1os a imprimir la siguiente declaraci\u00f3n antes de presentarse en el aeropuerto.<\/p>\n<p>Para descargar la declaraci\u00f3n en pdf haga clic [<a href=\"https:\/\/consbarcellona.esteri.it\/wp-content\/uploads\/2025\/11\/Minori-14-17-anni-non-accompagnati_a.pdf\" target=\"_blank\" rel=\"noopener\"><em>AQUI<\/em><\/a>]<\/p>\n","protected":false},"excerpt":{"rendered":"Viajes de menores de 14 a\u00f1os Los menores italianos, hasta la edad de 14 a\u00f1os, pueden viajar s\u00f3lo con su documento de identidad\/pasaporte, sin documentos adicionales, si van acompa\u00f1ados por al menos uno de los dos padres. En caso de que dichos menores de 14 a\u00f1os no vayan acompa\u00f1ados por al menos uno de sus [&hellip;]","protected":false},"author":6,"featured_media":0,"parent":6545,"menu_order":4,"comment_status":"closed","ping_status":"closed","template":"","meta":{"footnotes":""},"class_list":["post-2330","page","type-page","status-publish","hentry"],"_links":{"self":[{"href":"https:\/\/consbarcellona.esteri.it\/es\/wp-json\/wp\/v2\/pages\/2330","targetHints":{"allow":["GET"]}}],"collection":[{"href":"https:\/\/consbarcellona.esteri.it\/es\/wp-json\/wp\/v2\/pages"}],"about":[{"href":"https:\/\/consbarcellona.esteri.it\/es\/wp-json\/wp\/v2\/types\/page"}],"author":[{"embeddable":true,"href":"https:\/\/consbarcellona.esteri.it\/es\/wp-json\/wp\/v2\/users\/6"}],"replies":[{"embeddable":true,"href":"https:\/\/consbarcellona.esteri.it\/es\/wp-json\/wp\/v2\/comments?post=2330"}],"version-history":[{"count":8,"href":"https:\/\/consbarcellona.esteri.it\/es\/wp-json\/wp\/v2\/pages\/2330\/revisions"}],"predecessor-version":[{"id":9127,"href":"https:\/\/consbarcellona.esteri.it\/es\/wp-json\/wp\/v2\/pages\/2330\/revisions\/9127"}],"up":[{"embeddable":true,"href":"https:\/\/consbarcellona.esteri.it\/es\/wp-json\/wp\/v2\/pages\/6545"}],"wp:attachment":[{"href":"https:\/\/consbarcellona.esteri.it\/es\/wp-json\/wp\/v2\/media?parent=2330"}],"curies":[{"name":"wp","href":"https:\/\/api.w.org\/{rel}","templated":true}]}}