{"id":225,"date":"2023-04-03T19:30:48","date_gmt":"2023-04-03T17:30:48","guid":{"rendered":"https:\/\/consbarcellona.esteri.it\/servizi-consolari-e-visti\/servizi-per-il-cittadino-straniero\/visti\/"},"modified":"2024-08-16T10:16:31","modified_gmt":"2024-08-16T08:16:31","slug":"visti","status":"publish","type":"page","link":"https:\/\/consbarcellona.esteri.it\/es\/servizi-consolari-e-visti\/servizi-per-il-cittadino-straniero\/visti\/","title":{"rendered":"Visas"},"content":{"rendered":"<p>Para comprobar la necesidad de solicitar un visado de entrada a Italia, les invitamos a averiguar la p\u00e1gina web oficial del\u00a0<a href=\"https:\/\/www.esteri.it\/it\/servizi-consolari-e-visti\/\"><strong>Ministerio de Asuntos Exteriores<\/strong><\/a>, disponible en varios idiomas:<\/p>\n<p>Tras seleccionar la lengua, rellenar los datos solicitados en el enlace \u201c\u00bfNecesita Usted el visado?\u201d y seguir las instrucciones. El sistema proporcionar\u00e1 de forma autom\u00e1tica la informaci\u00f3n correspondiente: en caso de necesitar el visado, el sistema comunicar\u00e1 tambi\u00e9n los pasos necesarios para la solicitud, la sede Consular correspondiente, etc.<\/p>\n<p>La Oficina Consular correspondiente para todo el territorio espa\u00f1ol es el Consulado General de Italia en Madrid.<\/p>\n<p>Es posible solicitar informaciones adicionales, tras haber verificado la necesidad de solicitar el visado, exclusivamente por correo electr\u00f3nico a:\u00a0<a href=\"mailto:visti.madrid@esteri.it\">visti.madrid@esteri.it<\/a><\/p>\n<p>Les informamos que las solicitudes de visado tendr\u00e1n que presentarse directamente por las personas interesadas en las ventanillas del Consulado General de Italia en Madrid, en horario de apertura al usuario, con suficiente antelaci\u00f3n respeto a la fecha prevista de viaje, y m\u00ednimo 7 d\u00edas laborables antes de la solicitud.<\/p>\n","protected":false},"excerpt":{"rendered":"Para comprobar la necesidad de solicitar un visado de entrada a Italia, les invitamos a averiguar la p\u00e1gina web oficial del\u00a0Ministerio de Asuntos Exteriores, disponible en varios idiomas: Tras seleccionar la lengua, rellenar los datos solicitados en el enlace \u201c\u00bfNecesita Usted el visado?\u201d y seguir las instrucciones. El sistema proporcionar\u00e1 de forma autom\u00e1tica la informaci\u00f3n [&hellip;]","protected":false},"author":1,"featured_media":0,"parent":224,"menu_order":0,"comment_status":"closed","ping_status":"closed","template":"","meta":{"footnotes":""},"class_list":["post-225","page","type-page","status-publish","hentry"],"_links":{"self":[{"href":"https:\/\/consbarcellona.esteri.it\/es\/wp-json\/wp\/v2\/pages\/225","targetHints":{"allow":["GET"]}}],"collection":[{"href":"https:\/\/consbarcellona.esteri.it\/es\/wp-json\/wp\/v2\/pages"}],"about":[{"href":"https:\/\/consbarcellona.esteri.it\/es\/wp-json\/wp\/v2\/types\/page"}],"author":[{"embeddable":true,"href":"https:\/\/consbarcellona.esteri.it\/es\/wp-json\/wp\/v2\/users\/1"}],"replies":[{"embeddable":true,"href":"https:\/\/consbarcellona.esteri.it\/es\/wp-json\/wp\/v2\/comments?post=225"}],"version-history":[{"count":2,"href":"https:\/\/consbarcellona.esteri.it\/es\/wp-json\/wp\/v2\/pages\/225\/revisions"}],"predecessor-version":[{"id":4704,"href":"https:\/\/consbarcellona.esteri.it\/es\/wp-json\/wp\/v2\/pages\/225\/revisions\/4704"}],"up":[{"embeddable":true,"href":"https:\/\/consbarcellona.esteri.it\/es\/wp-json\/wp\/v2\/pages\/224"}],"wp:attachment":[{"href":"https:\/\/consbarcellona.esteri.it\/es\/wp-json\/wp\/v2\/media?parent=225"}],"curies":[{"name":"wp","href":"https:\/\/api.w.org\/{rel}","templated":true}]}}