{"id":2188,"date":"2023-09-18T10:21:45","date_gmt":"2023-09-18T08:21:45","guid":{"rendered":"https:\/\/consbarcellona.esteri.it\/?page_id=2188"},"modified":"2026-01-12T14:21:21","modified_gmt":"2026-01-12T13:21:21","slug":"orari-e-festivita","status":"publish","type":"page","link":"https:\/\/consbarcellona.esteri.it\/es\/chi-siamo\/gli-uffici\/orari-e-festivita\/","title":{"rendered":"Horarios y d\u00edas festivos"},"content":{"rendered":"<p><strong>Horario de atenci\u00f3n al usuario<\/strong><\/p>\n<ul>\n<li>Lunes: 09:30-13:00<\/li>\n<li>Martes: 14:30-17:30<\/li>\n<li>Mi\u00e9rcoles: 09:30-13:00<\/li>\n<li>Jueves: 09:30-13:00<\/li>\n<li>Viernes: 09:30-13:00<\/li>\n<\/ul>\n<p><a href=\"https:\/\/consbarcellona.esteri.it\/es\/news\/dal_consolato\/2025\/10\/miglioramento-del-servizio-consolare-nuovi-sportelli-attivi\/\">Nuevas <span style=\"text-decoration: underline;\"><strong>aperturas extraordinarias<\/strong><\/span>: m\u00e1s informaci\u00f3n en el enlace.<\/a><\/p>\n<p><strong>D\u00cdAS FESTIVOS A\u00d1O 2026<\/strong><\/p>\n<p>Jueves <strong>1 de enero<\/strong> A\u00f1o Nuevo<br \/>\nMartes<strong> 6 de enero<\/strong> Epifan\u00eda<br \/>\nLunes <strong>6 de abril<\/strong> Lunes de Pascua<br \/>\nViernes <strong>1 de mayo<\/strong> D\u00eda Del Trabajo<br \/>\nMartes<strong> 2 de junio<\/strong> Fiesta Nacional italiana<br \/>\nS\u00e1bado<strong> 15 de agosto<\/strong> Asunci\u00f3n<br \/>\nViernes<strong> 11 de septiembre<\/strong> Fiesta De Diada De Catalunya<br \/>\nDomingo<strong> 4 de octubre<\/strong> San Francisco de As\u00ecs<br \/>\nLunes <strong>12 de octubre<\/strong> Fiesta Nacional Espa\u00f1ola<br \/>\nDomingo <strong>1 de noviembre<\/strong> Todos Los Santos<br \/>\nViernes <strong>25 de diciembre<\/strong> Navidad<br \/>\nS\u00e1bado <strong>26 de diciembre<\/strong> San Esteban<\/p>\n","protected":false},"excerpt":{"rendered":"Horario de atenci\u00f3n al usuario Lunes: 09:30-13:00 Martes: 14:30-17:30 Mi\u00e9rcoles: 09:30-13:00 Jueves: 09:30-13:00 Viernes: 09:30-13:00 Nuevas aperturas extraordinarias: m\u00e1s informaci\u00f3n en el enlace. D\u00cdAS FESTIVOS A\u00d1O 2026 Jueves 1 de enero A\u00f1o Nuevo Martes 6 de enero Epifan\u00eda Lunes 6 de abril Lunes de Pascua Viernes 1 de mayo D\u00eda Del Trabajo Martes 2 de [&hellip;]","protected":false},"author":6,"featured_media":0,"parent":134,"menu_order":1,"comment_status":"closed","ping_status":"closed","template":"","meta":{"footnotes":""},"class_list":["post-2188","page","type-page","status-publish","hentry"],"_links":{"self":[{"href":"https:\/\/consbarcellona.esteri.it\/es\/wp-json\/wp\/v2\/pages\/2188","targetHints":{"allow":["GET"]}}],"collection":[{"href":"https:\/\/consbarcellona.esteri.it\/es\/wp-json\/wp\/v2\/pages"}],"about":[{"href":"https:\/\/consbarcellona.esteri.it\/es\/wp-json\/wp\/v2\/types\/page"}],"author":[{"embeddable":true,"href":"https:\/\/consbarcellona.esteri.it\/es\/wp-json\/wp\/v2\/users\/6"}],"replies":[{"embeddable":true,"href":"https:\/\/consbarcellona.esteri.it\/es\/wp-json\/wp\/v2\/comments?post=2188"}],"version-history":[{"count":7,"href":"https:\/\/consbarcellona.esteri.it\/es\/wp-json\/wp\/v2\/pages\/2188\/revisions"}],"predecessor-version":[{"id":9500,"href":"https:\/\/consbarcellona.esteri.it\/es\/wp-json\/wp\/v2\/pages\/2188\/revisions\/9500"}],"up":[{"embeddable":true,"href":"https:\/\/consbarcellona.esteri.it\/es\/wp-json\/wp\/v2\/pages\/134"}],"wp:attachment":[{"href":"https:\/\/consbarcellona.esteri.it\/es\/wp-json\/wp\/v2\/media?parent=2188"}],"curies":[{"name":"wp","href":"https:\/\/api.w.org\/{rel}","templated":true}]}}