{"id":178,"date":"2023-04-03T19:16:29","date_gmt":"2023-04-03T17:16:29","guid":{"rendered":"https:\/\/consbarcellona.esteri.it\/chi-siamo\/la-rete-consolare\/"},"modified":"2026-03-06T11:08:05","modified_gmt":"2026-03-06T10:08:05","slug":"la-rete-consolare","status":"publish","type":"page","link":"https:\/\/consbarcellona.esteri.it\/es\/chi-siamo\/la-rete-consolare\/","title":{"rendered":"La Red consular"},"content":{"rendered":"<p>Para ofrecer servicios de proximidad y primera asistencia en caso de necesidad a los compatriotas que se encuentran dentro del distrito consular pero lejos de la sede de este Consulado General, existen oficinas consulares honorarias que dependen de esta sede y pueden ofrecer una serie limitada de servicios.<\/p>\n<p>Los c\u00f3nsules honorarios no tienen una relaci\u00f3n laboral con la administraci\u00f3n de Asuntos Exteriores, sino que ejercen las funciones consulares que se les atribuyen de forma no remunerada y, por lo tanto, honor\u00edfica (salvo el reembolso de los gastos).<\/p>\n<p>Por lo tanto, operan en <em><span style=\"text-decoration: underline;\">horarios limitados<\/span><\/em>.<\/p>\n<p>&nbsp;<\/p>\n<p><strong>CONSULADO HONORARIO ANDORRA LA VELLA (Principado de Andorra)<\/strong><br \/>\nC\u00f3nsul Honorario: Alberto Rossi &#8211; <a href=\"https:\/\/consbarcellona.esteri.it\/wp-content\/uploads\/2023\/05\/decreto_andorra.pdf\"><em>Decreto Limitazione Funzioni<\/em><\/a><br \/>\nCarretera dels Vilars a Urbanizaci\u00f3n Sant Rom\u00e0 dels Vilars, Ed. Vilars B, \u00c0tic AD700 Escaldes Engordany<br \/>\nPrincipat d&#8217;Andorra<br \/>\nN.B.: Los ciudadanos Italianos y el p\u00fablico en general deben ir a la segunda planta del Hotel Husa Centric sito in Av Meritxell, 87-89 AD 500 Andorra la Vella<br \/>\nHorarios de Atenci\u00f3n al p\u00fablico: jueves de 11:00 a 13:00<br \/>\nTel. + 376 825542<br \/>\nEmail: <a href=\"mailto:andorra.onorario@esteri.it\"><em>andorra.onorario@esteri.it<\/em><\/a><\/p>\n<p>&nbsp;<\/p>\n<p><strong>CONSULADO HONORARIO VALENCIA<\/strong><br \/>\nC\u00f3nsul Honorario: Adriano Carbone &#8211; <a href=\"https:\/\/consbarcellona.esteri.it\/wp-content\/uploads\/2023\/05\/decreto_valencia.pdf\"><em>Decreto Limitazione Funzioni<\/em><\/a><br \/>\n<a href=\"https:\/\/www.gazzettaufficiale.it\/eli\/id\/2024\/10\/28\/24A05669\/SG\" target=\"_blank\" rel=\"noopener\">Circunscripci\u00f3n: las provincias de Valencia y Castell\u00f3n<\/a><br \/>\nDirecci\u00f3n: c\/ Dalt 37, bajo derecha 46003 Valencia<br \/>\nEmail: <a href=\"mailto:valencia.onorario@esteri.it\"><em>valencia.onorario@esteri.it<\/em><\/a><br \/>\nAtenci\u00f3n al p\u00fablico: lunes, mi\u00e9rcoles y viernes de 10:00 a 13:00.<br \/>\nSe recibe al p\u00fablico <span style=\"text-decoration: underline;\"><strong>exclusivamente con cita previa<\/strong><\/span>.<\/p>\n<ul>\n<li>Para solicitar pasaporte: <span style=\"text-decoration: underline;\"><strong>exclusivamente con cita previa<\/strong><\/span>,<a href=\"https:\/\/consolatovalencia.tucalendi.com\/gestiones\/passaporto\">(solicitud a trav\u00e9s de este enlace)<\/a>.<\/li>\n<li>Para otras actas y servicios, las citas se solicitan al correo: <a href=\"mailto:valencia.onorario@esteri.it\">valencia.onorario@esteri.it<\/a><\/li>\n<\/ul>\n<p>&nbsp;<\/p>\n<p><strong>CONSULADO HONORARIO ALICANTE<\/strong><br \/>\nC\u00f3nsul Honorario: Danilo Angelini &#8211; <a href=\"https:\/\/consbarcellona.esteri.it\/wp-content\/uploads\/2023\/05\/dlf_alicante.pdf\"><em>Decreto Limitazione Funzioni<\/em><\/a><br \/>\nCircunscripci\u00f3n: la provincia de Alicante y la Regi\u00f3n Murcia<br \/>\nDirecci\u00f3n: Av. Benito P\u00e9rez Gald\u00f3s, 9-11 1\u00ba Dcha &#8211; 03004 Alicante<br \/>\nEmail: <a href=\"mailto:alicante.onorario@esteri.it\"><em>alicante.onorario@esteri.it<\/em><\/a><br \/>\nAtenci\u00f3n al p\u00fablico:<\/p>\n<ul>\n<li>Para solicitudes de pasaporte: <span style=\"text-decoration: underline;\"><strong>exclusivamente con cita previa<\/strong><\/span>, (<a href=\"https:\/\/consolatoalicante.tucalendi.com\/richieste-passaporti\/richiesta-passaporto\" target=\"_blank\" rel=\"noopener\">solicitud a trav\u00e9s de este enlace<\/a>) lunes, mi\u00e9rcoles y viernes de 10.00 a 13.00<\/li>\n<li>Para otras actas y servicios, las citas se solicitan al correo: <a href=\"mailto:alicante.onorario@esteri.it\">alicante.onorario@esteri.it<\/a><\/li>\n<\/ul>\n<p>&nbsp;<\/p>\n<p><strong>CONSULADO HONORARIO<\/strong> <strong>PALMA DE MALLORCA (Baleares)<\/strong><br \/>\nC\u00f3nsul honoraria: Giulia Benetti \u2013 <a href=\"https:\/\/www.gazzettaufficiale.it\/atto\/serie_generale\/caricaDettaglioAtto\/originario?atto.dataPubblicazioneGazzetta=2025-07-19&amp;atto.codiceRedazionale=25A03991&amp;elenco30giorni=true\"><em>Decreto Limitazione Funzioni<\/em><\/a><br \/>\nCircunscripci\u00f3n: la isla de Mallorca<br \/>\nDirecci\u00f3n: Plaza de Espa\u00f1a, 10, 2\u00ba, 07002, Palma de Mallorca<br \/>\nEmail: <a href=\"mailto:maiorca.onorario@esteri.it\">maiorca.onorario@esteri.it<\/a><br \/>\nAtenci\u00f3n al p\u00fablico:<\/p>\n<ul>\n<li>Para solicitudes de pasaporte: <span style=\"text-decoration: underline;\"><strong>exclusivamente con cita previa <\/strong><\/span>(<a href=\"https:\/\/consolatomaiorca.tucalendi.com\/gestiones\/passaporto\">solicitud a trav\u00e9s de este enlace)<\/a>, martes, mi\u00e9rcoles, jueves y viernes de 14.00 a 17.00<\/li>\n<li>Para otras actas y servicios: <span style=\"text-decoration: underline;\"><strong>exclusivamente con cita previa<\/strong><\/span> al correo <a href=\"mailto:maiorca.onorario@esteri.it\">maiorca.onorario@esteri.it<\/a>,\u00a0 los lunes de 14.00 a 17.00<\/li>\n<\/ul>\n<p>&nbsp;<\/p>\n<p><strong>VICE CONSULADO HONORARIO ES CASTELL MENORCA (Baleares)<\/strong><br \/>\nVice C\u00f3nsul Honorario: Giovanni Aric\u00f2 \u2013 <em><a href=\"https:\/\/www.gazzettaufficiale.it\/eli\/id\/2025\/03\/24\/25A01769\/sg\">Decreto Limitazione Funzioni<\/a><\/em><br \/>\nCircunscripci\u00f3n: la isla de Menorca<br \/>\nDirecci\u00f3n: Carretera Sant Felip 35, 07720, Es Castell, Minorca<br \/>\nEmail: <a href=\"mailto:minorca.onorario@esteri.it\">minorca.onorario@esteri.it<\/a><\/p>\n<p>Tel\u00e9fono: +34 871 941 109<\/p>\n<p>Atenci\u00f3n al p\u00fablico (<span style=\"text-decoration: underline;\"><strong>exclusivamente con cita previa<\/strong><\/span>): lunes, martes y jueves de 10.00 a 13.00<\/p>\n<p>Para solicitudes de pasaporte: <a href=\"mailto:minorca.onorario@esteri.it\">minorca.onorario@esteri.it<\/a><\/p>\n<p>&nbsp;<\/p>\n<p style=\"margin: 0cm;\"><strong>CORRESPONDIENTE CONSULAR IBIZA (Baleares)<\/strong><br \/>\nCorrespondiente Consular: Rossana Alvaro<br \/>\nCircunscripci\u00f3n: las islas de Ibiza y Formentera<br \/>\nEmail: <a href=\"mailto:rossana@studiolegalealvaro.com\">rossana@studiolegalealvaro.com<\/a><br \/>\nTel. + 34 871 032 167<\/p>\n<p style=\"margin: 0cm;\">WhatsApp: +34 628 582 775<\/p>\n<p>&nbsp;<\/p>\n<p><strong>VICE CONSULADO HONORARIO GIRONA COSTA BRAVA<\/strong><br \/>\nVice C\u00f3nsul Honorario: Emanuela Carmenati &#8211; <a href=\"https:\/\/consbarcellona.esteri.it\/wp-content\/uploads\/2023\/05\/decreto_girona.pdf\"><em>Decreto Limitazione Funzioni<\/em><\/a><br \/>\nCircunscripci\u00f3n: la provincia de Girona<br \/>\nDirecci\u00f3n: Avenida de la Pau n\u00ba26, 1\u00ba 3\u00aa &#8211; 17250 Platja d&#8217;Aro (Girona)<br \/>\nEmail: <a href=\"mailto:girona.onorario@esteri.it\"><em>girona.onorario@esteri.it<\/em><\/a><br \/>\nTel +34 972 82 61 82<br \/>\nFax +34 972 82 55 40<br \/>\nAtenci\u00f3n al publico (<span style=\"text-decoration: underline;\"><strong>exclusivamente con cita previa<\/strong><\/span>): martes y jueves desde las 10.00 hasta 13.00.<\/p>\n<p>&nbsp;<\/p>\n<p><strong>VICE CONSULADO HONORARIO ZARAGOZA (Arag\u00f3n)<\/strong><br \/>\nVice C\u00f3nsul Honorario: Massimo Marchetti &#8211; <a href=\"https:\/\/consbarcellona.esteri.it\/wp-content\/uploads\/2023\/05\/decreto_zaragoza.pdf\"><em>Decreto Limitazione Funzioni<\/em><\/a><br \/>\nCircunscripci\u00f3n: las provincias de Zaragoza, Huesca y Teruel<br \/>\nDirecci\u00f3n: Paseo de la Independencia n\u00ba24-26, 2 planta, oficina 12, 50004 Zaragoza<br \/>\nTel +34 976 228659<br \/>\nEmail: <a href=\"mailto:saragozza.onorario@esteri.it\"><em>saragozza.onorario@esteri.it<\/em><\/a><br \/>\nAtenci\u00f3n al p\u00fablico: lunes &#8211; mi\u00e9rcoles &#8211; viernes de 10:00 a 14:00<\/p>\n<p>&nbsp;<\/p>\n<p style=\"margin: 0cm;\"><strong>CORRESPONDIENTE CONSULAR MURCIA<\/strong><br \/>\nCorrespondiente Consular: Giuseppe Leotta<br \/>\nCircunscripci\u00f3n: Regi\u00f3n de Murcia<br \/>\nTel +34 608 330 106<\/p>\n<p style=\"margin: 0cm;\">WhatsApp +34 623 155 221<br \/>\nEmail: <a href=\"mailto:info@avvocatoleotta.com\"><em><span style=\"color: blue;\">info@avvocatoleotta.com<\/span><\/em><\/a><\/p>\n","protected":false},"excerpt":{"rendered":"Para ofrecer servicios de proximidad y primera asistencia en caso de necesidad a los compatriotas que se encuentran dentro del distrito consular pero lejos de la sede de este Consulado General, existen oficinas consulares honorarias que dependen de esta sede y pueden ofrecer una serie limitada de servicios. Los c\u00f3nsules honorarios no tienen una relaci\u00f3n [&hellip;]","protected":false},"author":1,"featured_media":0,"parent":130,"menu_order":12,"comment_status":"closed","ping_status":"closed","template":"","meta":{"footnotes":""},"class_list":["post-178","page","type-page","status-publish","hentry"],"_links":{"self":[{"href":"https:\/\/consbarcellona.esteri.it\/es\/wp-json\/wp\/v2\/pages\/178","targetHints":{"allow":["GET"]}}],"collection":[{"href":"https:\/\/consbarcellona.esteri.it\/es\/wp-json\/wp\/v2\/pages"}],"about":[{"href":"https:\/\/consbarcellona.esteri.it\/es\/wp-json\/wp\/v2\/types\/page"}],"author":[{"embeddable":true,"href":"https:\/\/consbarcellona.esteri.it\/es\/wp-json\/wp\/v2\/users\/1"}],"replies":[{"embeddable":true,"href":"https:\/\/consbarcellona.esteri.it\/es\/wp-json\/wp\/v2\/comments?post=178"}],"version-history":[{"count":7,"href":"https:\/\/consbarcellona.esteri.it\/es\/wp-json\/wp\/v2\/pages\/178\/revisions"}],"predecessor-version":[{"id":10076,"href":"https:\/\/consbarcellona.esteri.it\/es\/wp-json\/wp\/v2\/pages\/178\/revisions\/10076"}],"up":[{"embeddable":true,"href":"https:\/\/consbarcellona.esteri.it\/es\/wp-json\/wp\/v2\/pages\/130"}],"wp:attachment":[{"href":"https:\/\/consbarcellona.esteri.it\/es\/wp-json\/wp\/v2\/media?parent=178"}],"curies":[{"name":"wp","href":"https:\/\/api.w.org\/{rel}","templated":true}]}}