{"id":134,"date":"2023-04-03T19:15:47","date_gmt":"2023-04-03T17:15:47","guid":{"rendered":"https:\/\/consbarcellona.esteri.it\/chi-siamo\/gli-uffici\/"},"modified":"2026-03-27T10:42:45","modified_gmt":"2026-03-27T09:42:45","slug":"gli-uffici","status":"publish","type":"page","link":"https:\/\/consbarcellona.esteri.it\/es\/chi-siamo\/gli-uffici\/","title":{"rendered":"Las oficinas"},"content":{"rendered":"<ul>\n<li><strong><a href=\"https:\/\/consbarcellona.esteri.it\/es\/chi-siamo\/gli-uffici\/orari-e-festivita\/\">Horarios y d\u00edas festivos<\/a><\/strong><\/li>\n<li><strong><a href=\"https:\/\/consbarcellona.esteri.it\/es\/chi-siamo\/gli-uffici\/servicios-no-facilitados-por-el-consulado\/\">Servicios NO proporcionados por el Consulado<\/a><\/strong><\/li>\n<\/ul>\n<p>&nbsp;<\/p>\n<p>Para solicitar informaciones generales: <a href=\"mailto:barcellona.info@esteri.it\"><em>barcellona.info@esteri.it<\/em><\/a><\/p>\n<p>Se recuerda que, en las comunicaciones con la Administraci\u00f3n, es importante que las personas env\u00eden consultas breves y proporcionen sus datos personales (apellido, nombre, fecha de nacimiento, direcci\u00f3n, localidad de residencia en Espa\u00f1a, etc.).<\/p>\n<p><strong>Recordamos a los usuarios que no se responder\u00e1 a preguntas de informaci\u00f3n general cuya respuesta pueda encontrarse en esta p\u00e1gina web.<\/strong><\/p>\n<p>S\u00f3lo en caso de que la persona ya haya iniciado su tr\u00e1mite en el Consulado General, es posible enviar un correo directamente al sector de competencia:<\/p>\n<ul>\n<li>Registro AIRE\u00a0 <a href=\"mailto:barcellona.aire@esteri.it\"><em>barcellona.aire@esteri.it<\/em><\/a><\/li>\n<li>Estado Civil <a href=\"mailto:barcellona.statocivile@esteri.it\"><em>barcellona.statocivile@esteri.it<\/em><\/a><\/li>\n<li>Pasaportes &#8211; Carta de Identidad\u00a0 <a href=\"mailto:barcellona.info@esteri.it\"><em>barcellona.info@esteri.it<\/em><\/a><\/li>\n<li>Ciudadan\u00eda <a href=\"mailto:barcellona.cittadinanza@esteri.it\"><em>barcellona.cittadinanza@esteri.it<\/em><\/a><\/li>\n<li>Oficina Notarial <a href=\"mailto:barcellona.notarile@esteri.it\"><em>barcellona.notarile@esteri.it<\/em><\/a><\/li>\n<li>Asistencia Social (accidentes, emergencias, detenciones) <a href=\"mailto:barcellona.assistenza@esteri.it\"><em>barcellona.assistenza@esteri.it<\/em><\/a><\/li>\n<li>Navegaci\u00f3n <a href=\"mailto:barcellona.navigazione@esteri.it\"><em>barcellona.navigazione@esteri.it<\/em><\/a><\/li>\n<li>Estudios \u00abStudi\u00bb <em><a href=\"mailto:barcellona.studi@esteri.it\">barcellona.studi@esteri.it<\/a><\/em><\/li>\n<\/ul>\n<p>El Consulado General se puede contactar tambi\u00e9n por medio de la \u201c Posta Elettronica Certificata (PEC)\u201d con.barcellona@cert.esteri.it (dicha \u201cPEC\u201d la pueden utilizar \u00fanicamente los usuarios que dispongan tambi\u00e9n de otra \u201cPEC\u201d; la direcci\u00f3n \u201cPEC\u201d no recibe mensajes de correo electr\u00f3nico ordinario, vienen se\u00f1alados como anomal\u00eda)<\/p>\n","protected":false},"excerpt":{"rendered":"Horarios y d\u00edas festivos Servicios NO proporcionados por el Consulado &nbsp; Para solicitar informaciones generales: barcellona.info@esteri.it Se recuerda que, en las comunicaciones con la Administraci\u00f3n, es importante que las personas env\u00eden consultas breves y proporcionen sus datos personales (apellido, nombre, fecha de nacimiento, direcci\u00f3n, localidad de residencia en Espa\u00f1a, etc.). Recordamos a los usuarios que [&hellip;]","protected":false},"author":1,"featured_media":0,"parent":130,"menu_order":6,"comment_status":"closed","ping_status":"closed","template":"","meta":{"footnotes":""},"class_list":["post-134","page","type-page","status-publish","hentry"],"_links":{"self":[{"href":"https:\/\/consbarcellona.esteri.it\/es\/wp-json\/wp\/v2\/pages\/134","targetHints":{"allow":["GET"]}}],"collection":[{"href":"https:\/\/consbarcellona.esteri.it\/es\/wp-json\/wp\/v2\/pages"}],"about":[{"href":"https:\/\/consbarcellona.esteri.it\/es\/wp-json\/wp\/v2\/types\/page"}],"author":[{"embeddable":true,"href":"https:\/\/consbarcellona.esteri.it\/es\/wp-json\/wp\/v2\/users\/1"}],"replies":[{"embeddable":true,"href":"https:\/\/consbarcellona.esteri.it\/es\/wp-json\/wp\/v2\/comments?post=134"}],"version-history":[{"count":6,"href":"https:\/\/consbarcellona.esteri.it\/es\/wp-json\/wp\/v2\/pages\/134\/revisions"}],"predecessor-version":[{"id":10247,"href":"https:\/\/consbarcellona.esteri.it\/es\/wp-json\/wp\/v2\/pages\/134\/revisions\/10247"}],"up":[{"embeddable":true,"href":"https:\/\/consbarcellona.esteri.it\/es\/wp-json\/wp\/v2\/pages\/130"}],"wp:attachment":[{"href":"https:\/\/consbarcellona.esteri.it\/es\/wp-json\/wp\/v2\/media?parent=134"}],"curies":[{"name":"wp","href":"https:\/\/api.w.org\/{rel}","templated":true}]}}