{"id":132,"date":"2023-04-03T19:15:16","date_gmt":"2023-04-03T17:15:16","guid":{"rendered":"https:\/\/consbarcellona.esteri.it\/chi-siamo\/il-console-generale\/"},"modified":"2025-04-16T16:57:57","modified_gmt":"2025-04-16T14:57:57","slug":"il-console-generale","status":"publish","type":"page","link":"https:\/\/consbarcellona.esteri.it\/es\/chi-siamo\/il-console-generale\/","title":{"rendered":"Il Console Generale"},"content":{"rendered":"<p>Queridos compatriotas,<\/p>\n<p>recientemente he tomado posesi\u00f3n de mi cargo como C\u00f3nsul General de Italia en Barcelona y me dirijo a todos vosotros, en primer lugar, para transmitiros mi convencida intenci\u00f3n y mi absoluto compromiso de continuar esforz\u00e1ndonos para que nuestros servicios est\u00e9n cada vez m\u00e1s cerca de vuestras necesidades.<\/p>\n<p>La comunidad italiana residente en esta demarcaci\u00f3n consular, que supera ya las 150.000 personas, y, sobre todo, sus comprensibles expectativas de unos servicios cada vez m\u00e1s eficaces y transparentes ser\u00e1n, cada d\u00eda de mi misi\u00f3n, el centro de mi atenci\u00f3n personal y la de todo el Consulado General que tengo el honor de dirigir. En efecto, tengo la profunda convicci\u00f3n de que a una Comunidad italiana tan din\u00e1mica e integrada debe corresponder un Consulado General capaz de interceptar sus necesidades y traducirlas en respuestas funcionales y adecuadas.<\/p>\n<p>Otro objetivo de mi misi\u00f3n ser\u00e1 seguir garantizando la m\u00e1xima asistencia al gran n\u00famero de turistas italianos que visitan el distrito cada a\u00f1o.<\/p>\n<p>El mismo compromiso ser\u00e1 tambi\u00e9n asegurado por m\u00ed a favor de todos los actores del Sistema Italia presentes, con el fin de promover, proteger y reforzar, en sinergia con ellos, los intereses de los italianos en este fant\u00e1stico territorio que nos acoge.<\/p>\n<p>Ante la proximidad de la Semana Santa, les deseo de todo coraz\u00f3n que pasen unas vacaciones tranquilas y serenas con sus seres queridos.<\/p>\n<p>&nbsp;<\/p>\n<p>Gabriele Luca Fava<\/p>\n<p>C\u00f3nsul General<\/p>\n","protected":false},"excerpt":{"rendered":"Queridos compatriotas, recientemente he tomado posesi\u00f3n de mi cargo como C\u00f3nsul General de Italia en Barcelona y me dirijo a todos vosotros, en primer lugar, para transmitiros mi convencida intenci\u00f3n y mi absoluto compromiso de continuar esforz\u00e1ndonos para que nuestros servicios est\u00e9n cada vez m\u00e1s cerca de vuestras necesidades. La comunidad italiana residente en esta [&hellip;]","protected":false},"author":1,"featured_media":0,"parent":130,"menu_order":0,"comment_status":"closed","ping_status":"closed","template":"","meta":{"footnotes":""},"class_list":["post-132","page","type-page","status-publish","hentry"],"_links":{"self":[{"href":"https:\/\/consbarcellona.esteri.it\/es\/wp-json\/wp\/v2\/pages\/132","targetHints":{"allow":["GET"]}}],"collection":[{"href":"https:\/\/consbarcellona.esteri.it\/es\/wp-json\/wp\/v2\/pages"}],"about":[{"href":"https:\/\/consbarcellona.esteri.it\/es\/wp-json\/wp\/v2\/types\/page"}],"author":[{"embeddable":true,"href":"https:\/\/consbarcellona.esteri.it\/es\/wp-json\/wp\/v2\/users\/1"}],"replies":[{"embeddable":true,"href":"https:\/\/consbarcellona.esteri.it\/es\/wp-json\/wp\/v2\/comments?post=132"}],"version-history":[{"count":6,"href":"https:\/\/consbarcellona.esteri.it\/es\/wp-json\/wp\/v2\/pages\/132\/revisions"}],"predecessor-version":[{"id":7668,"href":"https:\/\/consbarcellona.esteri.it\/es\/wp-json\/wp\/v2\/pages\/132\/revisions\/7668"}],"up":[{"embeddable":true,"href":"https:\/\/consbarcellona.esteri.it\/es\/wp-json\/wp\/v2\/pages\/130"}],"wp:attachment":[{"href":"https:\/\/consbarcellona.esteri.it\/es\/wp-json\/wp\/v2\/media?parent=132"}],"curies":[{"name":"wp","href":"https:\/\/api.w.org\/{rel}","templated":true}]}}