{"id":130,"date":"2023-04-03T18:23:20","date_gmt":"2023-04-03T16:23:20","guid":{"rendered":"https:\/\/consbarcellona.esteri.it\/chi-siamo\/"},"modified":"2025-07-03T15:49:09","modified_gmt":"2025-07-03T13:49:09","slug":"chi-siamo","status":"publish","type":"page","link":"https:\/\/consbarcellona.esteri.it\/es\/chi-siamo\/","title":{"rendered":"Qui\u00e9nes somos"},"content":{"rendered":"<ul>\n<li><strong><a href=\"https:\/\/consbarcellona.esteri.it\/es\/chi-siamo\/il-console-generale\/\">El C\u00f3nsul General<\/a><\/strong><\/li>\n<li><strong><a href=\"https:\/\/consbarcellona.esteri.it\/es\/chi-siamo\/la-sede\/\">La Sede<\/a><\/strong><\/li>\n<li><strong><a href=\"https:\/\/consbarcellona.esteri.it\/es\/chi-siamo\/gli-uffici\/\">Las Oficinas<\/a><\/strong>\n<ul>\n<li><strong><a href=\"https:\/\/consbarcellona.esteri.it\/es\/chi-siamo\/gli-uffici\/orari-e-festivita\/\">Horarios y d\u00edas festivos<\/a><\/strong><\/li>\n<li><strong><a href=\"https:\/\/consbarcellona.esteri.it\/es\/chi-siamo\/gli-uffici\/i-servizi-non-forniti-dal-consolato\/\">Servicis NO proporcionados por el Consulado<\/a><\/strong><\/li>\n<\/ul>\n<\/li>\n<li><strong><a href=\"https:\/\/consbarcellona.esteri.it\/es\/chi-siamo\/contatti\/\">Contactos<\/a><\/strong>\n<ul>\n<li><strong><a href=\"https:\/\/consbarcellona.esteri.it\/es\/chi-siamo\/contatti\/professionisti-di-riferimento-2\/\">Profesionales de referencia<\/a><\/strong><\/li>\n<\/ul>\n<\/li>\n<li><strong><a href=\"https:\/\/consbarcellona.esteri.it\/es\/chi-siamo\/numeri-di-emergenza\/\">N\u00fameros de emergencia<\/a><\/strong><\/li>\n<li><strong><a href=\"https:\/\/consbarcellona.esteri.it\/es\/chi-siamo\/la-rete-consolare\/\">La Red Consular<\/a><\/strong>\n<ul>\n<li><strong><a href=\"https:\/\/consbarcellona.esteri.it\/es\/chi-siamo\/la-rete-consolare\/com-it-es-comitato-degli-italiani-allestero\/\">Comites de Barcelona<\/a><\/strong><\/li>\n<\/ul>\n<\/li>\n<\/ul>\n<p>El Consulado General de Italia en Barcelona se encuentra en Calle Aribau 185 &#8211; 08021, Barcelona &gt; <a href=\"https:\/\/www.google.es\/maps\/dir\/\/Carrer+d'Aribau,+185,+Barcelona\/@41.3947048,2.1505773,18z\/data=!4m8!4m7!1m0!1m5!1m1!1s0x12a4a29bf4cdac1d:0xaf14a01d34c760fc!2m2!1d2.1501484!2d41.3950811\" target=\"_blank\" rel=\"noopener\"><em>come arrivare<\/em><\/a><\/p>\n<p>Ofrece servicios a m\u00e1s de 157mil italianos residentes en la Circunscripci\u00f3n consular de Barcelona, que comprende las siguientes regiones: Arag\u00f3n, Catalu\u00f1a, Valencia, Regi\u00f3n de Murcia, Islas Baleares, Principado de Andorra.<\/p>\n<p>Para conocer el resto de la circunscripci\u00f3n consular en Espa\u00f1a \u00b7&gt; <a href=\"https:\/\/consmadrid.esteri.it\/consolato_madrid\/it\/il_consolato\/la-rete-consolare\" target=\"_blank\" rel=\"noopener\"><em>cliccare qui<\/em><\/a>.<\/p>\n","protected":false},"excerpt":{"rendered":"El C\u00f3nsul General La Sede Las Oficinas Horarios y d\u00edas festivos Servicis NO proporcionados por el Consulado Contactos Profesionales de referencia N\u00fameros de emergencia La Red Consular Comites de Barcelona El Consulado General de Italia en Barcelona se encuentra en Calle Aribau 185 &#8211; 08021, Barcelona &gt; come arrivare Ofrece servicios a m\u00e1s de 157mil [&hellip;]","protected":false},"author":1,"featured_media":0,"parent":0,"menu_order":2,"comment_status":"closed","ping_status":"closed","template":"","meta":{"footnotes":""},"class_list":["post-130","page","type-page","status-publish","hentry"],"_links":{"self":[{"href":"https:\/\/consbarcellona.esteri.it\/es\/wp-json\/wp\/v2\/pages\/130","targetHints":{"allow":["GET"]}}],"collection":[{"href":"https:\/\/consbarcellona.esteri.it\/es\/wp-json\/wp\/v2\/pages"}],"about":[{"href":"https:\/\/consbarcellona.esteri.it\/es\/wp-json\/wp\/v2\/types\/page"}],"author":[{"embeddable":true,"href":"https:\/\/consbarcellona.esteri.it\/es\/wp-json\/wp\/v2\/users\/1"}],"replies":[{"embeddable":true,"href":"https:\/\/consbarcellona.esteri.it\/es\/wp-json\/wp\/v2\/comments?post=130"}],"version-history":[{"count":6,"href":"https:\/\/consbarcellona.esteri.it\/es\/wp-json\/wp\/v2\/pages\/130\/revisions"}],"predecessor-version":[{"id":8415,"href":"https:\/\/consbarcellona.esteri.it\/es\/wp-json\/wp\/v2\/pages\/130\/revisions\/8415"}],"wp:attachment":[{"href":"https:\/\/consbarcellona.esteri.it\/es\/wp-json\/wp\/v2\/media?parent=130"}],"curies":[{"name":"wp","href":"https:\/\/api.w.org\/{rel}","templated":true}]}}